{"id":41444,"date":"2025-08-18T10:44:34","date_gmt":"2025-08-18T14:44:34","guid":{"rendered":"https:\/\/ceim.cl\/?page_id=41444"},"modified":"2025-08-18T11:58:29","modified_gmt":"2025-08-18T15:58:29","slug":"demo-efecto","status":"publish","type":"page","link":"https:\/\/ceim.cl\/en\/demo-efecto\/","title":{"rendered":"Demo efecto"},"content":{"rendered":"<div class=\"wpb-content-wrapper\"><div id=\"que-buscas\" data-vc-full-width=\"true\" data-vc-full-width-init=\"false\" class=\"vc_row wpb_row vc_row-fluid vc_custom_1755532097832\"><div class=\"wpb_column vc_column_container vc_col-sm-12\"><div class=\"vc_column-inner\"><div class=\"wpb_wrapper\"><div id=\"ultimate-heading-892469f361d84644f\" class=\"uvc-heading ult-adjust-bottom-margin ultimate-heading-892469f361d84644f uvc-6998\" data-hspacer=\"no_spacer\"  data-halign=\"center\" style=\"text-align:center\"><div class=\"uvc-heading-spacer no_spacer\" style=\"top\"><\/div><div class=\"uvc-main-heading ult-responsive\"  data-ultimate-target='.uvc-heading.ultimate-heading-892469f361d84644f h2'  data-responsive-json-new='{\"font-size\":\"desktop:36px;\",\"line-height\":\"desktop:30px;\"}' ><h2 style=\"--font-weight:theme;color:#212B56;\">\u00bfQu\u00e9 est\u00e1s buscando?<\/h2><\/div><\/div><\/div><\/div><\/div><\/div><div class=\"vc_row-full-width vc_clearfix\"><\/div><!-- Row Backgrounds --><div class=\"upb_color\" data-bg-override=\"0\" data-bg-color=\"#FFFFFF\" data-fadeout=\"\" data-fadeout-percentage=\"30\" data-parallax-content=\"\" data-parallax-content-sense=\"30\" data-row-effect-mobile-disable=\"true\" data-img-parallax-mobile-disable=\"true\" data-rtl=\"false\"  data-custom-vc-row=\"\"  data-vc=\"8.1\"  data-is_old_vc=\"\"  data-theme-support=\"\"   data-overlay=\"false\" data-overlay-color=\"\" data-overlay-pattern=\"\" data-overlay-pattern-opacity=\"\" data-overlay-pattern-size=\"\"    ><\/div><div data-vc-full-width=\"true\" data-vc-full-width-init=\"false\" data-vc-stretch-content=\"true\" class=\"vc_row wpb_row vc_row-fluid vc_custom_1755532707645 vc_row-no-padding\"><div class=\"wpb_column vc_column_container vc_col-sm-12\"><div class=\"vc_column-inner\"><div class=\"wpb_wrapper\">\n\t<div class=\"wpb_raw_code wpb_raw_html wpb_content_element\" >\n\t\t<div class=\"wpb_wrapper\">\n\t\t\t<div id=\"cd-categorias\" class=\"cd-categorias-destacadas\" aria-label=\"Categor\u00edas destacadas\">\n  <div class=\"cd-menu\" role=\"tablist\" aria-orientation=\"vertical\">\n    <button type=\"button\" class=\"cd-btn cd-active\" role=\"tab\" aria-controls=\"cd-panel-0\">Capacitaci\u00f3n Empresas<\/button>\n    <button type=\"button\" class=\"cd-btn\" role=\"tab\" aria-controls=\"cd-panel-1\">Estudiar un oficio minero industrial<\/button>\n    <button type=\"button\" class=\"cd-btn\" role=\"tab\" aria-controls=\"cd-panel-2\">Acreditaci\u00f3n avanzada de personas o equipos<\/button>\n  <\/div>\n\n  <div class=\"cd-contenido\">\n    <section id=\"cd-panel-0\" class=\"cd-panel cd-active\" role=\"tabpanel\" aria-hidden=\"false\">\n      <div class=\"cd-texto\">\n        <h2>Capacitaci\u00f3n para Empresas<\/h2>\n        <p>Texto de bajada opci\u00f3nal que puede ir aqu\u00ed<\/p>\n        <a class=\"cd-link\" href=\"https:\/\/ceim.cl\/en\/capacitacion-empresas\/\">Me interesa<\/a>\n      <\/div>\n      <img decoding=\"async\" src=\"http:\/\/ceim.cl\/wp-content\/uploads\/2025\/08\/capacitacion-empresa.png\" alt=\"empresas\">\n    <\/section>\n\n    <section id=\"cd-panel-1\" class=\"cd-panel\" role=\"tabpanel\" aria-hidden=\"true\">\n      <div class=\"cd-texto\">\n        <h2>Estudiar un oficio minero industrial<\/h2>\n        <p>Desarrolla competencias para maximizar la efectividad y el impacto ...<\/p>\n        <a class=\"cd-link\" href=\"https:\/\/ceim.cl\/en\/escuela-de-oficios-industriales-2\/\">Me interesa<\/a>\n      <\/div>\n      <img decoding=\"async\" src=\"http:\/\/ceim.cl\/wp-content\/uploads\/2025\/08\/eoi-2.png\" alt=\"Ventas\">\n    <\/section>\n\n    <section id=\"cd-panel-2\" class=\"cd-panel\" role=\"tabpanel\" aria-hidden=\"true\">\n      <div class=\"cd-texto\">\n        <h2>Acreditaci\u00f3n avanzada de personas o equipos<\/h2>\n        <p>Programas dise\u00f1ados para mejorar ..........<\/p>\n        <a class=\"cd-link\" href=\"https:\/\/ceim.cl\/en\/ceimas\/\">Me interesa<\/a>\n      <\/div>\n      <img decoding=\"async\" src=\"http:\/\/ceim.cl\/wp-content\/uploads\/2025\/08\/avanzada-equipos.png\" alt=\"Bien-estar\">\n    <\/section>\n  <\/div>\n<\/div>\n\n\t\t<\/div>\n\t<\/div>\n<\/div><\/div><\/div><\/div><div class=\"vc_row-full-width vc_clearfix\"><\/div><!-- Row Backgrounds --><div class=\"upb_bg_img\" data-ultimate-bg=\"url(https:\/\/ceim.cl\/wp-content\/uploads\/2025\/08\/fondo2.png)\" data-image-id=\"id^41468|url^https:\/\/ceim.cl\/wp-content\/uploads\/2025\/08\/fondo2.png|caption^null|alt^null|title^fondo2|description^null\" data-ultimate-bg-style=\"vcpb-default\" data-bg-img-repeat=\"no-repeat\" data-bg-img-size=\"cover\" data-bg-img-position=\"\" data-parallx_sense=\"30\" data-bg-override=\"0\" data-bg_img_attach=\"scroll\" data-upb-overlay-color=\"\" data-upb-bg-animation=\"\" data-fadeout=\"\" data-bg-animation=\"left-animation\" data-bg-animation-type=\"h\" data-animation-repeat=\"repeat\" data-fadeout-percentage=\"30\" data-parallax-content=\"\" data-parallax-content-sense=\"30\" data-row-effect-mobile-disable=\"true\" data-img-parallax-mobile-disable=\"true\" data-rtl=\"false\"  data-custom-vc-row=\"\"  data-vc=\"8.1\"  data-is_old_vc=\"\"  data-theme-support=\"\"   data-overlay=\"false\" data-overlay-color=\"\" data-overlay-pattern=\"\" data-overlay-pattern-opacity=\"\" data-overlay-pattern-size=\"\"    ><\/div>\n<\/div>","protected":false},"excerpt":{"rendered":"<p>\u00bfQu\u00e9 est\u00e1s buscando? Capacitaci\u00f3n Empresas Estudiar un oficio minero industrial Acreditaci\u00f3n avanzada de personas o equipos Capacitaci\u00f3n para Empresas Texto de bajada opci\u00f3nal que puede ir aqu\u00ed Me interesa Estudiar un oficio minero industrial Desarrolla competencias para maximizar la efectividad y el impacto &#8230; Me interesa Acreditaci\u00f3n avanzada de personas o equipos Programas dise\u00f1ados para&hellip;<\/p>","protected":false},"author":1,"featured_media":0,"parent":0,"menu_order":0,"comment_status":"closed","ping_status":"closed","template":"","meta":{"footnotes":""},"class_list":["post-41444","page","type-page","status-publish","hentry","description-off"],"_links":{"self":[{"href":"https:\/\/ceim.cl\/en\/wp-json\/wp\/v2\/pages\/41444","targetHints":{"allow":["GET"]}}],"collection":[{"href":"https:\/\/ceim.cl\/en\/wp-json\/wp\/v2\/pages"}],"about":[{"href":"https:\/\/ceim.cl\/en\/wp-json\/wp\/v2\/types\/page"}],"author":[{"embeddable":true,"href":"https:\/\/ceim.cl\/en\/wp-json\/wp\/v2\/users\/1"}],"replies":[{"embeddable":true,"href":"https:\/\/ceim.cl\/en\/wp-json\/wp\/v2\/comments?post=41444"}],"version-history":[{"count":21,"href":"https:\/\/ceim.cl\/en\/wp-json\/wp\/v2\/pages\/41444\/revisions"}],"predecessor-version":[{"id":41471,"href":"https:\/\/ceim.cl\/en\/wp-json\/wp\/v2\/pages\/41444\/revisions\/41471"}],"wp:attachment":[{"href":"https:\/\/ceim.cl\/en\/wp-json\/wp\/v2\/media?parent=41444"}],"curies":[{"name":"wp","href":"https:\/\/api.w.org\/{rel}","templated":true}]}}