{"id":35162,"date":"2025-02-20T19:27:43","date_gmt":"2025-02-20T22:27:43","guid":{"rendered":"https:\/\/ceim.cl\/?page_id=35162"},"modified":"2025-02-25T10:58:33","modified_gmt":"2025-02-25T13:58:33","slug":"tabs-eoi","status":"publish","type":"page","link":"https:\/\/ceim.cl\/en\/tabs-eoi\/","title":{"rendered":"Tabs programas EOI"},"content":{"rendered":"<div class=\"wpb-content-wrapper\"><div data-vc-full-width=\"true\" data-vc-full-width-init=\"false\" class=\"vc_row wpb_row vc_row-fluid tabs-eoi vc_custom_1740246092868\"><div class=\"wpb_column vc_column_container vc_col-sm-12\"><div class=\"vc_column-inner\"><div class=\"wpb_wrapper\"><div class=\"vc_btn3-container vc_btn3-inline\" ><a class=\"vc_general vc_btn3 vc_btn3-size-md vc_btn3-shape-rounded vc_btn3-style-modern vc_btn3-color-grey\" href=\"http:\/\/ceim.cl\/wp-content\/uploads\/2025\/02\/catalogo-Mallas-STGO-1.pdf\" title=\"\">Text on the button<\/a><\/div><div class=\"vc_tta-container\" data-vc-action=\"collapse\"><div class=\"vc_general vc_tta vc_tta-tabs vc_tta-color-grey vc_tta-style-classic vc_tta-shape-rounded vc_tta-spacing-1 vc_tta-tabs-position-top vc_tta-controls-align-left\"><div class=\"vc_tta-tabs-container\"><ul class=\"vc_tta-tabs-list\"><li class=\"vc_tta-tab vc_active\" data-vc-tab><a href=\"#mecanica-industrial-stgo\" data-vc-tabs data-vc-container=\".vc_tta\"><span class=\"vc_tta-title-text\">\u00c1rea de Mec\u00e1nica Industrial<\/span><\/a><\/li><li class=\"vc_tta-tab\" data-vc-tab><a href=\"#equipo-pesado-operaciones-stgo\" data-vc-tabs data-vc-container=\".vc_tta\"><span class=\"vc_tta-title-text\">\u00c1rea Equipo pesado y Operaciones<\/span><\/a><\/li><\/ul><\/div><div class=\"vc_tta-panels-container\"><div class=\"vc_tta-panels\"><div class=\"vc_tta-panel vc_active\" id=\"mecanica-industrial-stgo\" data-vc-content=\".vc_tta-panel-body\"><div class=\"vc_tta-panel-heading\"><h3 class=\"vc_tta-panel-title\"><a href=\"#mecanica-industrial-stgo\" data-vc-accordion data-vc-container=\".vc_tta-container\"><span class=\"vc_tta-title-text\">\u00c1rea de Mec\u00e1nica Industrial<\/span><\/a><\/h3><\/div><div class=\"vc_tta-panel-body\"><div class=\"vc_row wpb_row vc_inner vc_row-fluid vc_custom_1665078000751\"><div class=\"wpb_column vc_column_container vc_col-sm-6\"><div class=\"vc_column-inner\"><div class=\"wpb_wrapper\">\n\t<div  class=\"wpb_single_image wpb_content_element vc_align_left\">\n\t\t\n\t\t<figure class=\"wpb_wrapper vc_figure\">\n\t\t\t<div class=\"vc_single_image-wrapper   vc_box_border_grey\"><img loading=\"lazy\" decoding=\"async\" width=\"545\" height=\"360\" src=\"https:\/\/ceim.cl\/wp-content\/uploads\/2025\/02\/procesos.jpg\" class=\"vc_single_image-img attachment-full\" alt=\"\" title=\"procesos\" srcset=\"https:\/\/ceim.cl\/wp-content\/uploads\/2025\/02\/procesos.jpg 545w, https:\/\/ceim.cl\/wp-content\/uploads\/2025\/02\/procesos-300x198.jpg 300w, https:\/\/ceim.cl\/wp-content\/uploads\/2025\/02\/procesos-18x12.jpg 18w\" sizes=\"auto, (max-width: 545px) 100vw, 545px\"  data-dt-location=\"https:\/\/ceim.cl\/en\/tabs-eoi\/procesos\/\" \/><\/div>\n\t\t<\/figure>\n\t<\/div>\n<\/div><\/div><\/div><div class=\"wpb_column vc_column_container vc_col-sm-6\"><div class=\"vc_column-inner\"><div class=\"wpb_wrapper\"><div id=\"ultimate-heading-2056a08b6f31f882\" class=\"uvc-heading ult-adjust-bottom-margin ultimate-heading-2056a08b6f31f882 uvc-7974  uvc-heading-default-font-sizes\" data-hspacer=\"no_spacer\"  data-halign=\"left\" style=\"text-align:left\"><div class=\"uvc-heading-spacer no_spacer\" style=\"top\"><\/div><div class=\"uvc-main-heading ult-responsive\"  data-ultimate-target='.uvc-heading.ultimate-heading-2056a08b6f31f882 h2'  data-responsive-json-new='{\"font-size\":\"\",\"line-height\":\"\"}' ><h2 style=\"--font-weight:theme;margin-bottom:20px;\">\u00c1rea de Mec\u00e1nica Industrial<\/h2><\/div><\/div><div class=\"standard-arrow list-divider bullet-top\"><ul>\n<li><a class=\"sg-popup-id-32437\" href=\"#\" target=\"_blank\" rel=\"noopener\">Mantenimiento Equipos Fijos <\/a><\/li>\n<\/ul>\n<\/div><\/div><\/div><\/div><\/div><\/div><\/div><div class=\"vc_tta-panel\" id=\"equipo-pesado-operaciones-stgo\" data-vc-content=\".vc_tta-panel-body\"><div class=\"vc_tta-panel-heading\"><h3 class=\"vc_tta-panel-title\"><a href=\"#equipo-pesado-operaciones-stgo\" data-vc-accordion data-vc-container=\".vc_tta-container\"><span class=\"vc_tta-title-text\">\u00c1rea Equipo pesado y Operaciones<\/span><\/a><\/h3><\/div><div class=\"vc_tta-panel-body\"><div class=\"vc_row wpb_row vc_inner vc_row-fluid vc_custom_1665078000751\"><div class=\"wpb_column vc_column_container vc_col-sm-6\"><div class=\"vc_column-inner\"><div class=\"wpb_wrapper\">\n\t<div  class=\"wpb_single_image wpb_content_element vc_align_left\">\n\t\t\n\t\t<figure class=\"wpb_wrapper vc_figure\">\n\t\t\t<div class=\"vc_single_image-wrapper   vc_box_border_grey\"><img loading=\"lazy\" decoding=\"async\" width=\"550\" height=\"367\" src=\"https:\/\/ceim.cl\/wp-content\/uploads\/2025\/02\/Mantenimiento-mecanico-equipos-moviles.jpeg\" class=\"vc_single_image-img attachment-full\" alt=\"\" title=\"Mantenimiento-mecanico-equipos-moviles\" srcset=\"https:\/\/ceim.cl\/wp-content\/uploads\/2025\/02\/Mantenimiento-mecanico-equipos-moviles.jpeg 550w, https:\/\/ceim.cl\/wp-content\/uploads\/2025\/02\/Mantenimiento-mecanico-equipos-moviles-300x200.jpeg 300w, https:\/\/ceim.cl\/wp-content\/uploads\/2025\/02\/Mantenimiento-mecanico-equipos-moviles-18x12.jpeg 18w\" sizes=\"auto, (max-width: 550px) 100vw, 550px\"  data-dt-location=\"https:\/\/ceim.cl\/en\/tabs-eoi\/mantenimiento-mecanico-equipos-moviles\/\" \/><\/div>\n\t\t<\/figure>\n\t<\/div>\n<\/div><\/div><\/div><div class=\"wpb_column vc_column_container vc_col-sm-6\"><div class=\"vc_column-inner\"><div class=\"wpb_wrapper\"><div id=\"ultimate-heading-62386a08b6f31fc0d\" class=\"uvc-heading ult-adjust-bottom-margin ultimate-heading-62386a08b6f31fc0d uvc-4631  uvc-heading-default-font-sizes\" data-hspacer=\"no_spacer\"  data-halign=\"left\" style=\"text-align:left\"><div class=\"uvc-heading-spacer no_spacer\" style=\"top\"><\/div><div class=\"uvc-main-heading ult-responsive\"  data-ultimate-target='.uvc-heading.ultimate-heading-62386a08b6f31fc0d h2'  data-responsive-json-new='{\"font-size\":\"\",\"line-height\":\"\"}' ><h2 style=\"--font-weight:theme;margin-bottom:20px;\">\u00c1rea Equipo pesado y Operaciones<\/h2><\/div><\/div><div class=\"standard-arrow list-divider bullet-top\"><ul>\n<li><a class=\"sg-popup-id-32465\" href=\"#\" target=\"_blank\" rel=\"noopener\">Operaci\u00f3n de Cami\u00f3n de Alto Tonelaje<\/a><\/li>\n<\/ul>\n<\/div><\/div><\/div><\/div><\/div><\/div><\/div><\/div><\/div><\/div><\/div><\/div><\/div><\/div><\/div><div class=\"vc_row-full-width vc_clearfix\"><\/div><div data-vc-full-width=\"true\" data-vc-full-width-init=\"false\" class=\"vc_row wpb_row vc_row-fluid tabs-eoi vc_custom_1740246092868\"><div class=\"wpb_column vc_column_container vc_col-sm-12\"><div class=\"vc_column-inner\"><div class=\"wpb_wrapper\"><div class=\"vc_tta-container\" data-vc-action=\"collapse\"><div class=\"vc_general vc_tta vc_tta-tabs vc_tta-color-grey vc_tta-style-classic vc_tta-shape-rounded vc_tta-spacing-1 vc_tta-tabs-position-top vc_tta-controls-align-left\"><div class=\"vc_tta-tabs-container\"><ul class=\"vc_tta-tabs-list\"><li class=\"vc_tta-tab vc_active\" data-vc-tab><a href=\"#1740259550554-b7f4d06d-6889\" data-vc-tabs data-vc-container=\".vc_tta\"><span class=\"vc_tta-title-text\">\u00c1rea Electricidad e Instrumentaci\u00f3n<\/span><\/a><\/li><li class=\"vc_tta-tab\" data-vc-tab><a href=\"#1740259550601-7fdf31ff-7737\" data-vc-tabs data-vc-container=\".vc_tta\"><span class=\"vc_tta-title-text\">\u00c1rea de Procesos y Mec\u00e1nica Industrial<\/span><\/a><\/li><li class=\"vc_tta-tab\" data-vc-tab><a href=\"#1740259550639-de03cc64-07e7\" data-vc-tabs data-vc-container=\".vc_tta\"><span class=\"vc_tta-title-text\">\u00c1rea Equipo pesado y Operaciones<\/span><\/a><\/li><\/ul><\/div><div class=\"vc_tta-panels-container\"><div class=\"vc_tta-panels\"><div class=\"vc_tta-panel vc_active\" id=\"1740259550554-b7f4d06d-6889\" data-vc-content=\".vc_tta-panel-body\"><div class=\"vc_tta-panel-heading\"><h3 class=\"vc_tta-panel-title\"><a href=\"#1740259550554-b7f4d06d-6889\" data-vc-accordion data-vc-container=\".vc_tta-container\"><span class=\"vc_tta-title-text\">\u00c1rea Electricidad e Instrumentaci\u00f3n<\/span><\/a><\/h3><\/div><div class=\"vc_tta-panel-body\"><div class=\"vc_row wpb_row vc_inner vc_row-fluid vc_custom_1670360280275\"><div class=\"wpb_column vc_column_container vc_col-sm-6\"><div class=\"vc_column-inner\"><div class=\"wpb_wrapper\">\n\t<div  class=\"wpb_single_image wpb_content_element vc_align_left\">\n\t\t\n\t\t<figure class=\"wpb_wrapper vc_figure\">\n\t\t\t<div class=\"vc_single_image-wrapper   vc_box_border_grey\"><img loading=\"lazy\" decoding=\"async\" width=\"550\" height=\"367\" src=\"https:\/\/ceim.cl\/wp-content\/uploads\/2025\/02\/Automatizacion-y-robotica-1.jpeg\" class=\"vc_single_image-img attachment-full\" alt=\"\" title=\"Automatizacion-y-robotica-1\" srcset=\"https:\/\/ceim.cl\/wp-content\/uploads\/2025\/02\/Automatizacion-y-robotica-1.jpeg 550w, https:\/\/ceim.cl\/wp-content\/uploads\/2025\/02\/Automatizacion-y-robotica-1-300x200.jpeg 300w, https:\/\/ceim.cl\/wp-content\/uploads\/2025\/02\/Automatizacion-y-robotica-1-18x12.jpeg 18w\" sizes=\"auto, (max-width: 550px) 100vw, 550px\"  data-dt-location=\"https:\/\/ceim.cl\/en\/tabs-eoi\/automatizacion-y-robotica-1\/\" \/><\/div>\n\t\t<\/figure>\n\t<\/div>\n<\/div><\/div><\/div><div class=\"wpb_column vc_column_container vc_col-sm-6\"><div class=\"vc_column-inner\"><div class=\"wpb_wrapper\"><div id=\"ultimate-heading-1116a08b6f32032d\" class=\"uvc-heading ult-adjust-bottom-margin ultimate-heading-1116a08b6f32032d uvc-4371  uvc-heading-default-font-sizes\" data-hspacer=\"no_spacer\"  data-halign=\"left\" style=\"text-align:left\"><div class=\"uvc-heading-spacer no_spacer\" style=\"top\"><\/div><div class=\"uvc-main-heading ult-responsive\"  data-ultimate-target='.uvc-heading.ultimate-heading-1116a08b6f32032d h2'  data-responsive-json-new='{\"font-size\":\"\",\"line-height\":\"\"}' ><h2 style=\"--font-weight:theme;margin-bottom:20px;\">\u00c1rea Electricidad e Instrumentaci\u00f3n<\/h2><\/div><\/div><div class=\"standard-arrow list-divider bullet-top\"><ul>\n<li><a class=\"sg-popup-id-32452\" href=\"#\" target=\"_blank\" rel=\"noopener\">Electrical Maintenance of Instruments<\/a><\/li>\n<\/ul>\n<\/div><\/div><\/div><\/div><\/div><\/div><\/div><div class=\"vc_tta-panel\" id=\"1740259550601-7fdf31ff-7737\" data-vc-content=\".vc_tta-panel-body\"><div class=\"vc_tta-panel-heading\"><h3 class=\"vc_tta-panel-title\"><a href=\"#1740259550601-7fdf31ff-7737\" data-vc-accordion data-vc-container=\".vc_tta-container\"><span class=\"vc_tta-title-text\">\u00c1rea de Procesos y Mec\u00e1nica Industrial<\/span><\/a><\/h3><\/div><div class=\"vc_tta-panel-body\"><div class=\"vc_row wpb_row vc_inner vc_row-fluid vc_custom_1665078000751\"><div class=\"wpb_column vc_column_container vc_col-sm-6\"><div class=\"vc_column-inner\"><div class=\"wpb_wrapper\">\n\t<div  class=\"wpb_single_image wpb_content_element vc_align_left\">\n\t\t\n\t\t<figure class=\"wpb_wrapper vc_figure\">\n\t\t\t<div class=\"vc_single_image-wrapper   vc_box_border_grey\"><img loading=\"lazy\" decoding=\"async\" width=\"545\" height=\"360\" src=\"https:\/\/ceim.cl\/wp-content\/uploads\/2025\/02\/procesos.jpg\" class=\"vc_single_image-img attachment-full\" alt=\"\" title=\"procesos\" srcset=\"https:\/\/ceim.cl\/wp-content\/uploads\/2025\/02\/procesos.jpg 545w, https:\/\/ceim.cl\/wp-content\/uploads\/2025\/02\/procesos-300x198.jpg 300w, https:\/\/ceim.cl\/wp-content\/uploads\/2025\/02\/procesos-18x12.jpg 18w\" sizes=\"auto, (max-width: 545px) 100vw, 545px\"  data-dt-location=\"https:\/\/ceim.cl\/en\/tabs-eoi\/procesos\/\" \/><\/div>\n\t\t<\/figure>\n\t<\/div>\n<\/div><\/div><\/div><div class=\"wpb_column vc_column_container vc_col-sm-6\"><div class=\"vc_column-inner\"><div class=\"wpb_wrapper\"><div id=\"ultimate-heading-17666a08b6f3205e6\" class=\"uvc-heading ult-adjust-bottom-margin ultimate-heading-17666a08b6f3205e6 uvc-9172  uvc-heading-default-font-sizes\" data-hspacer=\"no_spacer\"  data-halign=\"left\" style=\"text-align:left\"><div class=\"uvc-heading-spacer no_spacer\" style=\"top\"><\/div><div class=\"uvc-main-heading ult-responsive\"  data-ultimate-target='.uvc-heading.ultimate-heading-17666a08b6f3205e6 h2'  data-responsive-json-new='{\"font-size\":\"\",\"line-height\":\"\"}' ><h2 style=\"--font-weight:theme;margin-bottom:20px;\">\u00c1rea de Procesos y Mec\u00e1nica Industrial<\/h2><\/div><\/div><div class=\"standard-arrow list-divider bullet-top\"><ul>\n<li><a class=\"sg-popup-id-32437\" href=\"#\" target=\"_blank\" rel=\"noopener\">Plant Base Operation<\/a><\/li>\n<\/ul>\n<\/div><\/div><\/div><\/div><\/div><\/div><\/div><div class=\"vc_tta-panel\" id=\"1740259550639-de03cc64-07e7\" data-vc-content=\".vc_tta-panel-body\"><div class=\"vc_tta-panel-heading\"><h3 class=\"vc_tta-panel-title\"><a href=\"#1740259550639-de03cc64-07e7\" data-vc-accordion data-vc-container=\".vc_tta-container\"><span class=\"vc_tta-title-text\">\u00c1rea Equipo pesado y Operaciones<\/span><\/a><\/h3><\/div><div class=\"vc_tta-panel-body\"><div class=\"vc_row wpb_row vc_inner vc_row-fluid vc_custom_1665078000751\"><div class=\"wpb_column vc_column_container vc_col-sm-6\"><div class=\"vc_column-inner\"><div class=\"wpb_wrapper\">\n\t<div  class=\"wpb_single_image wpb_content_element vc_align_left\">\n\t\t\n\t\t<figure class=\"wpb_wrapper vc_figure\">\n\t\t\t<div class=\"vc_single_image-wrapper   vc_box_border_grey\"><img loading=\"lazy\" decoding=\"async\" width=\"550\" height=\"367\" src=\"https:\/\/ceim.cl\/wp-content\/uploads\/2025\/02\/Mantenimiento-mecanico-equipos-moviles.jpeg\" class=\"vc_single_image-img attachment-full\" alt=\"\" title=\"Mantenimiento-mecanico-equipos-moviles\" srcset=\"https:\/\/ceim.cl\/wp-content\/uploads\/2025\/02\/Mantenimiento-mecanico-equipos-moviles.jpeg 550w, https:\/\/ceim.cl\/wp-content\/uploads\/2025\/02\/Mantenimiento-mecanico-equipos-moviles-300x200.jpeg 300w, https:\/\/ceim.cl\/wp-content\/uploads\/2025\/02\/Mantenimiento-mecanico-equipos-moviles-18x12.jpeg 18w\" sizes=\"auto, (max-width: 550px) 100vw, 550px\"  data-dt-location=\"https:\/\/ceim.cl\/en\/tabs-eoi\/mantenimiento-mecanico-equipos-moviles\/\" \/><\/div>\n\t\t<\/figure>\n\t<\/div>\n<\/div><\/div><\/div><div class=\"wpb_column vc_column_container vc_col-sm-6\"><div class=\"vc_column-inner\"><div class=\"wpb_wrapper\"><div id=\"ultimate-heading-93436a08b6f320871\" class=\"uvc-heading ult-adjust-bottom-margin ultimate-heading-93436a08b6f320871 uvc-4349  uvc-heading-default-font-sizes\" data-hspacer=\"no_spacer\"  data-halign=\"left\" style=\"text-align:left\"><div class=\"uvc-heading-spacer no_spacer\" style=\"top\"><\/div><div class=\"uvc-main-heading ult-responsive\"  data-ultimate-target='.uvc-heading.ultimate-heading-93436a08b6f320871 h2'  data-responsive-json-new='{\"font-size\":\"\",\"line-height\":\"\"}' ><h2 style=\"--font-weight:theme;margin-bottom:20px;\">\u00c1rea Equipo pesado y Operaciones<\/h2><\/div><\/div><div class=\"standard-arrow list-divider bullet-top\"><ul>\n<li><a class=\"sg-popup-id-32465\" href=\"#\" target=\"_blank\" rel=\"noopener\">Operation of Service Equipment and High Tonnage Trucks<\/a><\/li>\n<\/ul>\n<\/div><\/div><\/div><\/div><\/div><\/div><\/div><\/div><\/div><\/div><\/div><\/div><\/div><\/div><\/div><div class=\"vc_row-full-width vc_clearfix\"><\/div><div data-vc-full-width=\"true\" data-vc-full-width-init=\"false\" class=\"vc_row wpb_row vc_row-fluid tabs-eoi vc_custom_1740246092868\"><div class=\"wpb_column vc_column_container vc_col-sm-12\"><div class=\"vc_column-inner\"><div class=\"wpb_wrapper\"><div class=\"vc_tta-container\" data-vc-action=\"collapse\"><div class=\"vc_general vc_tta vc_tta-tabs vc_tta-color-grey vc_tta-style-classic vc_tta-shape-rounded vc_tta-spacing-1 vc_tta-tabs-position-top vc_tta-controls-align-left\"><div class=\"vc_tta-tabs-container\"><ul class=\"vc_tta-tabs-list\"><li class=\"vc_tta-tab vc_active\" data-vc-tab><a href=\"#1740247027104-e5c91910-f0cb\" data-vc-tabs data-vc-container=\".vc_tta\"><span class=\"vc_tta-title-text\">\u00c1rea Equipo pesado y Operaciones<\/span><\/a><\/li><\/ul><\/div><div class=\"vc_tta-panels-container\"><div class=\"vc_tta-panels\"><div class=\"vc_tta-panel vc_active\" id=\"1740247027104-e5c91910-f0cb\" data-vc-content=\".vc_tta-panel-body\"><div class=\"vc_tta-panel-heading\"><h3 class=\"vc_tta-panel-title\"><a href=\"#1740247027104-e5c91910-f0cb\" data-vc-accordion data-vc-container=\".vc_tta-container\"><span class=\"vc_tta-title-text\">\u00c1rea Equipo pesado y Operaciones<\/span><\/a><\/h3><\/div><div class=\"vc_tta-panel-body\"><div class=\"vc_row wpb_row vc_inner vc_row-fluid vc_custom_1665078000751\"><div class=\"wpb_column vc_column_container vc_col-sm-6\"><div class=\"vc_column-inner\"><div class=\"wpb_wrapper\">\n\t<div  class=\"wpb_single_image wpb_content_element vc_align_left\">\n\t\t\n\t\t<figure class=\"wpb_wrapper vc_figure\">\n\t\t\t<div class=\"vc_single_image-wrapper   vc_box_border_grey\"><img loading=\"lazy\" decoding=\"async\" width=\"550\" height=\"367\" src=\"https:\/\/ceim.cl\/wp-content\/uploads\/2025\/02\/Mantenimiento-mecanico-equipos-moviles.jpeg\" class=\"vc_single_image-img attachment-full\" alt=\"\" title=\"Mantenimiento-mecanico-equipos-moviles\" srcset=\"https:\/\/ceim.cl\/wp-content\/uploads\/2025\/02\/Mantenimiento-mecanico-equipos-moviles.jpeg 550w, https:\/\/ceim.cl\/wp-content\/uploads\/2025\/02\/Mantenimiento-mecanico-equipos-moviles-300x200.jpeg 300w, https:\/\/ceim.cl\/wp-content\/uploads\/2025\/02\/Mantenimiento-mecanico-equipos-moviles-18x12.jpeg 18w\" sizes=\"auto, (max-width: 550px) 100vw, 550px\"  data-dt-location=\"https:\/\/ceim.cl\/en\/tabs-eoi\/mantenimiento-mecanico-equipos-moviles\/\" \/><\/div>\n\t\t<\/figure>\n\t<\/div>\n<\/div><\/div><\/div><div class=\"wpb_column vc_column_container vc_col-sm-6\"><div class=\"vc_column-inner\"><div class=\"wpb_wrapper\"><div id=\"ultimate-heading-51036a08b6f320e27\" class=\"uvc-heading ult-adjust-bottom-margin ultimate-heading-51036a08b6f320e27 uvc-3705  uvc-heading-default-font-sizes\" data-hspacer=\"no_spacer\"  data-halign=\"left\" style=\"text-align:left\"><div class=\"uvc-heading-spacer no_spacer\" style=\"top\"><\/div><div class=\"uvc-main-heading ult-responsive\"  data-ultimate-target='.uvc-heading.ultimate-heading-51036a08b6f320e27 h2'  data-responsive-json-new='{\"font-size\":\"\",\"line-height\":\"\"}' ><h2 style=\"--font-weight:theme;margin-bottom:20px;\">\u00c1rea Equipo pesado y Operaciones<\/h2><\/div><\/div><div class=\"standard-arrow list-divider bullet-top\"><ul>\n<li><a class=\"sg-popup-id-32465\" href=\"#\" target=\"_blank\" rel=\"noopener\">Operation of Service Equipment and High Tonnage Trucks<\/a><\/li>\n<li><a class=\"sg-popup-id-32465\" href=\"#\" target=\"_blank\" rel=\"noopener\">Maestro Obras Civiles<\/a><\/li>\n<\/ul>\n<\/div><\/div><\/div><\/div><\/div><\/div><\/div><\/div><\/div><\/div><\/div><\/div><\/div><\/div><\/div><div class=\"vc_row-full-width vc_clearfix\"><\/div>\n<\/div>","protected":false},"excerpt":{"rendered":"<p>Text on the button\u00c1rea de Mec\u00e1nica Industrial\u00c1rea Equipo pesado y Operaciones\u00c1rea de Mec\u00e1nica Industrial \u00c1rea de Mec\u00e1nica Industrial Mantenimiento Equipos Fijos \u00c1rea Equipo pesado y Operaciones \u00c1rea Equipo pesado y Operaciones Operaci\u00f3n de Cami\u00f3n de Alto Tonelaje \u00c1rea Electricidad e Instrumentaci\u00f3n\u00c1rea de Procesos y Mec\u00e1nica Industrial\u00c1rea Equipo pesado y Operaciones\u00c1rea Electricidad e Instrumentaci\u00f3n \u00c1rea Electricidad&hellip;<\/p>","protected":false},"author":1,"featured_media":0,"parent":0,"menu_order":0,"comment_status":"closed","ping_status":"closed","template":"","meta":{"footnotes":""},"class_list":["post-35162","page","type-page","status-publish","hentry","description-off"],"_links":{"self":[{"href":"https:\/\/ceim.cl\/en\/wp-json\/wp\/v2\/pages\/35162","targetHints":{"allow":["GET"]}}],"collection":[{"href":"https:\/\/ceim.cl\/en\/wp-json\/wp\/v2\/pages"}],"about":[{"href":"https:\/\/ceim.cl\/en\/wp-json\/wp\/v2\/types\/page"}],"author":[{"embeddable":true,"href":"https:\/\/ceim.cl\/en\/wp-json\/wp\/v2\/users\/1"}],"replies":[{"embeddable":true,"href":"https:\/\/ceim.cl\/en\/wp-json\/wp\/v2\/comments?post=35162"}],"version-history":[{"count":19,"href":"https:\/\/ceim.cl\/en\/wp-json\/wp\/v2\/pages\/35162\/revisions"}],"predecessor-version":[{"id":35244,"href":"https:\/\/ceim.cl\/en\/wp-json\/wp\/v2\/pages\/35162\/revisions\/35244"}],"wp:attachment":[{"href":"https:\/\/ceim.cl\/en\/wp-json\/wp\/v2\/media?parent=35162"}],"curies":[{"name":"wp","href":"https:\/\/api.w.org\/{rel}","templated":true}]}}