{"id":34310,"date":"2024-08-15T14:28:37","date_gmt":"2024-08-15T18:28:37","guid":{"rendered":"https:\/\/ceim.cl\/?page_id=34310"},"modified":"2025-07-08T10:01:03","modified_gmt":"2025-07-08T14:01:03","slug":"contacto-cf7","status":"publish","type":"page","link":"https:\/\/ceim.cl\/en\/contacto-cf7\/","title":{"rendered":"Contacto-CF7"},"content":{"rendered":"<div class=\"wpb-content-wrapper\"><div id=\"unete\" data-vc-full-width=\"true\" data-vc-full-width-init=\"false\" class=\"vc_row wpb_row vc_row-fluid barra_ceim vc_custom_1723650188171\"><div class=\"wpb_column vc_column_container vc_col-sm-6\"><div class=\"vc_column-inner\"><div class=\"wpb_wrapper\">\n\t<div  class=\"wpb_single_image wpb_content_element vc_align_left\">\n\t\t\n\t\t<figure class=\"wpb_wrapper vc_figure\">\n\t\t\t<div class=\"vc_single_image-wrapper   vc_box_border_grey\"><img loading=\"lazy\" decoding=\"async\" width=\"894\" height=\"566\" src=\"https:\/\/ceim.cl\/wp-content\/uploads\/2024\/08\/contacto.png\" class=\"vc_single_image-img attachment-full\" alt=\"\" title=\"contacto\" srcset=\"https:\/\/ceim.cl\/wp-content\/uploads\/2024\/08\/contacto.png 894w, https:\/\/ceim.cl\/wp-content\/uploads\/2024\/08\/contacto-300x190.png 300w, https:\/\/ceim.cl\/wp-content\/uploads\/2024\/08\/contacto-768x486.png 768w, https:\/\/ceim.cl\/wp-content\/uploads\/2024\/08\/contacto-18x12.png 18w\" sizes=\"auto, (max-width: 894px) 100vw, 894px\"  data-dt-location=\"https:\/\/ceim.cl\/en\/contacto-cf7\/contacto-6\/\" \/><\/div>\n\t\t<\/figure>\n\t<\/div>\n<\/div><\/div><\/div><div class=\"wpb_column vc_column_container vc_col-sm-6\"><div class=\"vc_column-inner vc_custom_1723649128961\"><div class=\"wpb_wrapper\">\n<div class=\"wpcf7 no-js\" id=\"wpcf7-f34995-o1\" lang=\"es-ES\" dir=\"ltr\" data-wpcf7-id=\"34995\">\n<div class=\"screen-reader-response\"><p role=\"status\" aria-live=\"polite\" aria-atomic=\"true\"><\/p> <ul><\/ul><\/div>\n<form action=\"\/en\/wp-json\/wp\/v2\/pages\/34310#wpcf7-f34995-o1\" method=\"post\" class=\"wpcf7-form init\" aria-label=\"Formulario de contacto\" novalidate=\"novalidate\" data-status=\"init\" data-trp-original-action=\"\/en\/wp-json\/wp\/v2\/pages\/34310#wpcf7-f34995-o1\">\n<fieldset class=\"hidden-fields-container\"><input type=\"hidden\" name=\"_wpcf7\" value=\"34995\" \/><input type=\"hidden\" name=\"_wpcf7_version\" value=\"6.1.4\" \/><input type=\"hidden\" name=\"_wpcf7_locale\" value=\"es_ES\" \/><input type=\"hidden\" name=\"_wpcf7_unit_tag\" value=\"wpcf7-f34995-o1\" \/><input type=\"hidden\" name=\"_wpcf7_container_post\" value=\"0\" \/><input type=\"hidden\" name=\"_wpcf7_posted_data_hash\" value=\"\" \/><input type=\"hidden\" name=\"_wpcf7_recaptcha_response\" value=\"\" \/>\n<\/fieldset>\n<div id=\"responsive-form\" class=\"clearfix\">\n\t<div class=\"form-row\">\n\t\t<div class=\"column-half\">\n\t\t\t<p>Nombre* <span class=\"wpcf7-form-control-wrap\" data-name=\"nombre\"><input size=\"40\" maxlength=\"400\" class=\"wpcf7-form-control wpcf7-text wpcf7-validates-as-required\" aria-required=\"true\" aria-invalid=\"false\" value=\"\" type=\"text\" name=\"nombre\" \/><\/span>\n\t\t\t<\/p>\n\t\t<\/div>\n\t\t<div class=\"column-half\">\n\t\t\t<p>Apellidos* <span class=\"wpcf7-form-control-wrap\" data-name=\"apellidos\"><input size=\"40\" maxlength=\"400\" class=\"wpcf7-form-control wpcf7-text wpcf7-validates-as-required\" aria-required=\"true\" aria-invalid=\"false\" value=\"\" type=\"text\" name=\"apellidos\" \/><\/span>\n\t\t\t<\/p>\n\t\t<\/div>\n\t<\/div>\n\t<div class=\"form-row\">\n\t\t<div class=\"column-half\">\n\t\t\t<p>Email* <span class=\"wpcf7-form-control-wrap\" data-name=\"Correo\"><input size=\"40\" maxlength=\"400\" class=\"wpcf7-form-control wpcf7-email wpcf7-validates-as-required wpcf7-text wpcf7-validates-as-email\" aria-required=\"true\" aria-invalid=\"false\" value=\"\" type=\"email\" name=\"Correo\" \/><\/span>\n\t\t\t<\/p>\n\t\t<\/div>\n\t\t<div class=\"column-half\">\n\t\t\t<p>Tel\u00e9fono* <span class=\"wpcf7-form-control-wrap\" data-name=\"telefono\"><input size=\"40\" maxlength=\"400\" class=\"wpcf7-form-control wpcf7-text wpcf7-validates-as-required\" aria-required=\"true\" aria-invalid=\"false\" value=\"\" type=\"text\" name=\"telefono\" \/><\/span>\n\t\t\t<\/p>\n\t\t<\/div>\n\t<\/div>\n\t<div class=\"form-row\">\n\t\t<div class=\"column-full\">\n\t\t\t<p>Sede* <span class=\"wpcf7-form-control-wrap\" data-name=\"regiones\"><select class=\"wpcf7-form-control wpcf7-select wpcf7-validates-as-required\" aria-required=\"true\" aria-invalid=\"false\" name=\"regiones\"><option value=\"---Selecciona una Sede----\">---Selecciona una Sede----<\/option><option value=\"Sede Antofagasta (casa matriz)\">Sede Antofagasta (casa matriz)<\/option><option value=\"Sede Iquique\">Iquique headquarters<\/option><option value=\"Sede La Serena\">Sede La Serena<\/option><option value=\"Sede Santiago\">Santiago headquarters<\/option><\/select><\/span>\n\t\t\t<\/p>\n\t\t<\/div>\n\t<\/div>\n\t<div class=\"form-row\">\n\t\t<div class=\"column-full\">\n\t\t\t<p>\u00bfQu\u00e9 necesitas?* <span class=\"wpcf7-form-control-wrap\" data-name=\"solicitud\"><select class=\"wpcf7-form-control wpcf7-select wpcf7-validates-as-required\" aria-required=\"true\" aria-invalid=\"false\" name=\"solicitud\"><option value=\"---Selecciona una opci\u00f3n----\">---Selecciona una opci\u00f3n----<\/option><option value=\"Informaci\u00f3n sobre Escuela de Oficios\">Informaci\u00f3n sobre Escuela de Oficios<\/option><option value=\"Informaci\u00f3n sobre Cursos Cortos Personas Naturales\">Informaci\u00f3n sobre Cursos Cortos Personas Naturales<\/option><option value=\"Capacitaci\u00f3n\/Certificaci\u00f3n Empresas\">Capacitaci\u00f3n\/Certificaci\u00f3n Empresas<\/option><option value=\"Solicitud de Documentos \/ Certificados \/ Asistencia virtual\">Solicitud de Documentos \/ Certificados \/ Asistencia virtual<\/option><\/select><\/span>\n\t\t\t<\/p>\n\t\t<\/div>\n\t<\/div>\n\t<div class=\"form-row\">\n\t\t<div class=\"column-full\">\n\t\t\t<p>Si necesitas informaci\u00f3n sobre alg\u00fan programa o curso espec\u00edfico, ind\u00edcalo aqu\u00ed * <span class=\"wpcf7-form-control-wrap\" data-name=\"mensaje\"><textarea cols=\"40\" rows=\"10\" maxlength=\"2000\" class=\"wpcf7-form-control wpcf7-textarea wpcf7-validates-as-required mensaje\" aria-required=\"true\" aria-invalid=\"false\" name=\"mensaje\"><\/textarea><\/span>\n\t\t\t<\/p>\n\t\t<\/div>\n\t<\/div>\n\t<div class=\"form-row\">\n\t\t<div class=\"column-full\">\n\t\t\t<p>Ingresa el c\u00f3digo Capcha que aparece m\u00e1s abajo<br \/>\n<div class=\"main-cf7-captcha\"><span class=\"wpcf7-form-control-wrap input-captcha-cf7\"><input size=\"40\" class=\"wpcf7-form-control wpcf7-captchacf7 wpcf7-validates-as-required cf7_text_captcha\" id=\"input-captcha-cf7\" aria-required=\"true\" aria-invalid=\"false\" value=\"\" type=\"text\" name=\"input-captcha-cf7\" \/><\/span><\/div><img decoding=\"async\" src=\"https:\/\/ceim.cl\/wp-content\/plugins\/text-captcha-contact-form-7\/include\/image.php\" alt=\"cf7captcha\" id=\"image-captcha-cf7\"><a href=\"javascript:void(0);\" id=\"reload_captcha\"><img decoding=\"async\" src=\"https:\/\/ceim.cl\/wp-content\/plugins\/text-captcha-contact-form-7\/assets\/images\/refresh.png\" alt=\"Regenerate Captcha\"><\/a>\n\t\t\t<\/p>\n\t\t<\/div>\n\t<\/div>\n\t<div class=\"form-row\">\n\t\t<div class=\"column-full boton_envio\">\n\t\t\t<p><input class=\"wpcf7-form-control wpcf7-submit has-spinner\" type=\"submit\" value=\"Enviar\" \/>\n\t\t\t<\/p>\n\t\t<\/div>\n\t\t<p>*campos obligatorios\n\t\t<\/p>\n\t<\/div>\n<\/div><!--end responsive-form-->\n<p>Tel\u00e9fono clientes 55 245 6000<br \/>\nHorario Atenci\u00f3n: Lunes a Viernes 9:00 a 18:00\n<\/p><p style=\"display: none !important;\" class=\"akismet-fields-container\" data-prefix=\"_wpcf7_ak_\"><label>&#916;<textarea name=\"_wpcf7_ak_hp_textarea\" cols=\"45\" rows=\"8\" maxlength=\"100\"><\/textarea><\/label><input type=\"hidden\" id=\"ak_js_1\" name=\"_wpcf7_ak_js\" value=\"27\"\/><script>document.getElementById( \"ak_js_1\" ).setAttribute( \"value\", ( new Date() ).getTime() );<\/script><\/p><div class=\"wpcf7-response-output\" aria-hidden=\"true\"><\/div>\n<input type=\"hidden\" name=\"trp-form-language\" value=\"en\"\/><\/form>\n<\/div>\n<\/div><\/div><\/div><\/div><div class=\"vc_row-full-width vc_clearfix\"><\/div><!-- Row Backgrounds --><div class=\"upb_bg_img\" data-ultimate-bg=\"url(https:\/\/ceim.cl\/wp-content\/uploads\/2024\/08\/unete-a-Ceim2.png)\" data-image-id=\"id^34208|url^https:\/\/ceim.cl\/wp-content\/uploads\/2024\/08\/unete-a-Ceim2.png|caption^null|alt^null|title^unete a Ceim(2)|description^null\" data-ultimate-bg-style=\"vcpb-default\" data-bg-img-repeat=\"repeat\" data-bg-img-size=\"cover\" data-bg-img-position=\"\" data-parallx_sense=\"30\" data-bg-override=\"0\" data-bg_img_attach=\"scroll\" data-upb-overlay-color=\"\" data-upb-bg-animation=\"\" data-fadeout=\"\" data-bg-animation=\"left-animation\" data-bg-animation-type=\"h\" data-animation-repeat=\"repeat\" data-fadeout-percentage=\"30\" data-parallax-content=\"\" data-parallax-content-sense=\"30\" data-row-effect-mobile-disable=\"true\" data-img-parallax-mobile-disable=\"true\" data-rtl=\"false\"  data-custom-vc-row=\"\"  data-vc=\"8.1\"  data-is_old_vc=\"\"  data-theme-support=\"\"   data-overlay=\"false\" data-overlay-color=\"\" data-overlay-pattern=\"\" data-overlay-pattern-opacity=\"\" data-overlay-pattern-size=\"\"    ><\/div>\n<\/div>","protected":false},"excerpt":{"rendered":"<p>Nombre* Apellidos* Email* Tel\u00e9fono* Sede* &#8212;Selecciona una Sede&#8212;-Sede Antofagasta (casa matriz)Sede IquiqueSede La SerenaSede Santiago \u00bfQu\u00e9 necesitas?* &#8212;Selecciona una opci\u00f3n&#8212;-Informaci\u00f3n sobre Escuela de OficiosInformaci\u00f3n sobre Cursos Cortos Personas NaturalesCapacitaci\u00f3n\/Certificaci\u00f3n EmpresasSolicitud de Documentos \/ Certificados \/ Asistencia virtual Si necesitas informaci\u00f3n sobre alg\u00fan programa o curso espec\u00edfico, ind\u00edcalo aqu\u00ed * Ingresa el c\u00f3digo Capcha que aparece&hellip;<\/p>","protected":false},"author":1,"featured_media":0,"parent":0,"menu_order":0,"comment_status":"closed","ping_status":"closed","template":"","meta":{"footnotes":""},"class_list":["post-34310","page","type-page","status-publish","hentry","description-off"],"_links":{"self":[{"href":"https:\/\/ceim.cl\/en\/wp-json\/wp\/v2\/pages\/34310","targetHints":{"allow":["GET"]}}],"collection":[{"href":"https:\/\/ceim.cl\/en\/wp-json\/wp\/v2\/pages"}],"about":[{"href":"https:\/\/ceim.cl\/en\/wp-json\/wp\/v2\/types\/page"}],"author":[{"embeddable":true,"href":"https:\/\/ceim.cl\/en\/wp-json\/wp\/v2\/users\/1"}],"replies":[{"embeddable":true,"href":"https:\/\/ceim.cl\/en\/wp-json\/wp\/v2\/comments?post=34310"}],"version-history":[{"count":7,"href":"https:\/\/ceim.cl\/en\/wp-json\/wp\/v2\/pages\/34310\/revisions"}],"predecessor-version":[{"id":40663,"href":"https:\/\/ceim.cl\/en\/wp-json\/wp\/v2\/pages\/34310\/revisions\/40663"}],"wp:attachment":[{"href":"https:\/\/ceim.cl\/en\/wp-json\/wp\/v2\/media?parent=34310"}],"curies":[{"name":"wp","href":"https:\/\/api.w.org\/{rel}","templated":true}]}}