{"id":34000,"date":"2024-07-31T16:31:53","date_gmt":"2024-07-31T20:31:53","guid":{"rendered":"https:\/\/ceim.cl\/?page_id=34000"},"modified":"2024-08-14T16:32:38","modified_gmt":"2024-08-14T20:32:38","slug":"unete_al_equipo_ceim","status":"publish","type":"page","link":"https:\/\/ceim.cl\/en\/unete_al_equipo_ceim\/","title":{"rendered":"\u00danete al equipo CEIM"},"content":{"rendered":"<div class=\"wpb-content-wrapper\"><div id=\"unete\" data-vc-full-width=\"true\" data-vc-full-width-init=\"false\" class=\"vc_row wpb_row vc_row-fluid barra_ceim vc_custom_1723650188171\"><div class=\"wpb_column vc_column_container vc_col-sm-6\"><div class=\"vc_column-inner\"><div class=\"wpb_wrapper\">\n\t<div  class=\"wpb_single_image wpb_content_element vc_align_left\">\n\t\t\n\t\t<figure class=\"wpb_wrapper vc_figure\">\n\t\t\t<div class=\"vc_single_image-wrapper   vc_box_border_grey\"><img loading=\"lazy\" decoding=\"async\" width=\"926\" height=\"756\" src=\"https:\/\/ceim.cl\/wp-content\/uploads\/2024\/08\/unete2.png\" class=\"vc_single_image-img attachment-full\" alt=\"\" title=\"unete2\" srcset=\"https:\/\/ceim.cl\/wp-content\/uploads\/2024\/08\/unete2.png 926w, https:\/\/ceim.cl\/wp-content\/uploads\/2024\/08\/unete2-300x245.png 300w, https:\/\/ceim.cl\/wp-content\/uploads\/2024\/08\/unete2-768x627.png 768w, https:\/\/ceim.cl\/wp-content\/uploads\/2024\/08\/unete2-15x12.png 15w\" sizes=\"auto, (max-width: 926px) 100vw, 926px\"  data-dt-location=\"https:\/\/ceim.cl\/en\/unete_al_equipo_ceim\/unete2\/\" \/><\/div>\n\t\t<\/figure>\n\t<\/div>\n<\/div><\/div><\/div><div class=\"wpb_column vc_column_container vc_col-sm-6\"><div class=\"vc_column-inner vc_custom_1723649128961\"><div class=\"wpb_wrapper\">\n\t<div class=\"wpb_text_column wpb_content_element\" >\n\t\t<div class=\"wpb_wrapper\">\n\t\t\t<p style=\"font-size: 18px; color: #000; margin-bottom: 20px;\">D\u00e9janos tus datos y nos pondremos en contacto.<\/p>\n\n\t\t<\/div>\n\t<\/div>\n\n<div class=\"wpcf7 no-js\" id=\"wpcf7-f34001-o1\" lang=\"es-ES\" dir=\"ltr\" data-wpcf7-id=\"34001\">\n<div class=\"screen-reader-response\"><p role=\"status\" aria-live=\"polite\" aria-atomic=\"true\"><\/p> <ul><\/ul><\/div>\n<form action=\"\/en\/wp-json\/wp\/v2\/pages\/34000#wpcf7-f34001-o1\" method=\"post\" class=\"wpcf7-form init\" aria-label=\"Formulario de contacto\" enctype=\"multipart\/form-data\" novalidate=\"novalidate\" data-status=\"init\" data-trp-original-action=\"\/en\/wp-json\/wp\/v2\/pages\/34000#wpcf7-f34001-o1\">\n<fieldset class=\"hidden-fields-container\"><input type=\"hidden\" name=\"_wpcf7\" value=\"34001\" \/><input type=\"hidden\" name=\"_wpcf7_version\" value=\"6.1.4\" \/><input type=\"hidden\" name=\"_wpcf7_locale\" value=\"es_ES\" \/><input type=\"hidden\" name=\"_wpcf7_unit_tag\" value=\"wpcf7-f34001-o1\" \/><input type=\"hidden\" name=\"_wpcf7_container_post\" value=\"0\" \/><input type=\"hidden\" name=\"_wpcf7_posted_data_hash\" value=\"\" \/><input type=\"hidden\" name=\"_wpcf7_recaptcha_response\" value=\"\" \/>\n<\/fieldset>\n<div id=\"responsive-form\" class=\"clearfix\">\n\t<div class=\"form-row\">\n\t\t<div class=\"column-half\">\n\t\t\t<p>Nombre* <span class=\"wpcf7-form-control-wrap\" data-name=\"nombre\"><input size=\"40\" maxlength=\"400\" class=\"wpcf7-form-control wpcf7-text wpcf7-validates-as-required\" aria-required=\"true\" aria-invalid=\"false\" value=\"\" type=\"text\" name=\"nombre\" \/><\/span>\n\t\t\t<\/p>\n\t\t<\/div>\n\t\t<div class=\"column-half\">\n\t\t\t<p>Apellidos* <span class=\"wpcf7-form-control-wrap\" data-name=\"apellidos\"><input size=\"40\" maxlength=\"400\" class=\"wpcf7-form-control wpcf7-text wpcf7-validates-as-required\" aria-required=\"true\" aria-invalid=\"false\" value=\"\" type=\"text\" name=\"apellidos\" \/><\/span>\n\t\t\t<\/p>\n\t\t<\/div>\n\t<\/div>\n\t<div class=\"form-row\">\n\t\t<div class=\"column-half\">\n\t\t\t<p>Email* <span class=\"wpcf7-form-control-wrap\" data-name=\"Correo\"><input size=\"40\" maxlength=\"400\" class=\"wpcf7-form-control wpcf7-email wpcf7-validates-as-required wpcf7-text wpcf7-validates-as-email\" aria-required=\"true\" aria-invalid=\"false\" value=\"\" type=\"email\" name=\"Correo\" \/><\/span>\n\t\t\t<\/p>\n\t\t<\/div>\n\t\t<div class=\"column-half\">\n\t\t\t<p>Tel\u00e9fono* <span class=\"wpcf7-form-control-wrap\" data-name=\"telefono\"><input size=\"40\" maxlength=\"400\" class=\"wpcf7-form-control wpcf7-text wpcf7-validates-as-required\" aria-required=\"true\" aria-invalid=\"false\" value=\"\" type=\"text\" name=\"telefono\" \/><\/span>\n\t\t\t<\/p>\n\t\t<\/div>\n\t<\/div>\n\t<div class=\"form-row\">\n\t\t<div class=\"column-full\">\n\t\t\t<p>Regi\u00f3n* <span class=\"wpcf7-form-control-wrap\" data-name=\"regiones\"><select class=\"wpcf7-form-control wpcf7-select wpcf7-validates-as-required\" aria-required=\"true\" aria-invalid=\"false\" name=\"regiones\"><option value=\"---Selecciona una regi\u00f3n----\">---Selecciona una regi\u00f3n----<\/option><option value=\"Regi\u00f3n de Arica y Parinacota\">Regi\u00f3n de Arica y Parinacota<\/option><option value=\"Regi\u00f3n de Tarapac\u00e1\">Regi\u00f3n de Tarapac\u00e1<\/option><option value=\"Regi\u00f3n de Antofagasta\">Regi\u00f3n de Antofagasta<\/option><option value=\"Regi\u00f3n de Atacama\">Regi\u00f3n de Atacama<\/option><option value=\"Regi\u00f3n de Coquimbo\">Regi\u00f3n de Coquimbo<\/option><option value=\"Regi\u00f3n de Valpara\u00edso\">Regi\u00f3n de Valpara\u00edso<\/option><option value=\"Regi\u00f3n Metropolitana\">Regi\u00f3n Metropolitana<\/option><option value=\"Regi\u00f3n de O\u2019Higgins\">Regi\u00f3n de O\u2019Higgins<\/option><option value=\"Regi\u00f3n del Maule\">Regi\u00f3n del Maule<\/option><option value=\"Regi\u00f3n del \u00d1uble\">Regi\u00f3n del \u00d1uble<\/option><option value=\"Regi\u00f3n del Biob\u00edo\">Regi\u00f3n del Biob\u00edo<\/option><option value=\"Regi\u00f3n de La Araucan\u00eda\">Regi\u00f3n de La Araucan\u00eda<\/option><option value=\"Regi\u00f3n de Los R\u00edos\">Regi\u00f3n de Los R\u00edos<\/option><option value=\"Regi\u00f3n de Los Lagos\">Regi\u00f3n de Los Lagos<\/option><option value=\"Regi\u00f3n de Ays\u00e9n\">Regi\u00f3n de Ays\u00e9n<\/option><option value=\"Regi\u00f3n de Magallanes\">Regi\u00f3n de Magallanes<\/option><\/select><\/span>\n\t\t\t<\/p>\n\t\t<\/div>\n\t<\/div>\n\t<div class=\"form-row\">\n\t\t<div class=\"column-full\">\n\t\t\t<p>\u00c1rea a Postular*<br \/>\n<span class=\"wpcf7-form-control-wrap\" data-name=\"area\"><span class=\"wpcf7-form-control wpcf7-radio\"><span class=\"wpcf7-list-item first\"><label><input type=\"radio\" name=\"area\" value=\"Administraci\u00f3n\" checked=\"checked\" \/><span class=\"wpcf7-list-item-label\">Administraci\u00f3n<\/span><\/label><\/span><span class=\"wpcf7-list-item\"><label><input type=\"radio\" name=\"area\" value=\"Instruccional\" \/><span class=\"wpcf7-list-item-label\">Instruccional<\/span><\/label><\/span><span class=\"wpcf7-list-item\"><label><input type=\"radio\" name=\"area\" value=\"Certificaciones\" \/><span class=\"wpcf7-list-item-label\">Certificaciones<\/span><\/label><\/span><span class=\"wpcf7-list-item last\"><label><input type=\"radio\" name=\"area\" value=\"Dise\u00f1o e Innovaci\u00f3n\" \/><span class=\"wpcf7-list-item-label\">Dise\u00f1o e Innovaci\u00f3n<\/span><\/label><\/span><\/span><\/span>\n\t\t\t<\/p>\n\t\t<\/div>\n\t<\/div>\n\t<div class=\"form-row\">\n\t\t<div class=\"column-full curriculum\">\n\t\t\t<p>Adjuntar curr\u00edculum* <span class=\"wpcf7-form-control-wrap\" data-name=\"curriculum\"><input size=\"40\" class=\"wpcf7-form-control wpcf7-file wpcf7-validates-as-required\" accept=\".pdf,.doc,.docx\" aria-required=\"true\" aria-invalid=\"false\" type=\"file\" name=\"curriculum\" \/><\/span>\n\t\t\t<\/p>\n\t\t<\/div>\n\t<\/div>\n\t<div class=\"form-row\">\n\t\t<div class=\"column-full\">\n\t\t\t<p>Ingresa el c\u00f3digo Capcha que aparece m\u00e1s abajo<br \/>\n<div class=\"main-cf7-captcha\"><span class=\"wpcf7-form-control-wrap input-captcha-cf7\"><input size=\"40\" class=\"wpcf7-form-control wpcf7-captchacf7 wpcf7-validates-as-required cf7_text_captcha\" id=\"input-captcha-cf7\" aria-required=\"true\" aria-invalid=\"false\" value=\"\" type=\"text\" name=\"input-captcha-cf7\" \/><\/span><\/div><img decoding=\"async\" src=\"https:\/\/ceim.cl\/wp-content\/plugins\/text-captcha-contact-form-7\/include\/image.php\" alt=\"cf7captcha\" id=\"image-captcha-cf7\"><a href=\"javascript:void(0);\" id=\"reload_captcha\"><img decoding=\"async\" src=\"https:\/\/ceim.cl\/wp-content\/plugins\/text-captcha-contact-form-7\/assets\/images\/refresh.png\" alt=\"Regenerate Captcha\"><\/a>\n\t\t\t<\/p>\n\t\t<\/div>\n\t<\/div>\n\t<div class=\"form-row\">\n\t\t<div class=\"column-full boton_envio\">\n\t\t\t<p><input class=\"wpcf7-form-control wpcf7-submit has-spinner\" type=\"submit\" value=\"Enviar Postulaci\u00f3n\" \/>\n\t\t\t<\/p>\n\t\t<\/div>\n\t\t<p>*campos obligatorios\n\t\t<\/p>\n\t<\/div>\n<\/div><!--end responsive-form--><p style=\"display: none !important;\" class=\"akismet-fields-container\" data-prefix=\"_wpcf7_ak_\"><label>&#916;<textarea name=\"_wpcf7_ak_hp_textarea\" cols=\"45\" rows=\"8\" maxlength=\"100\"><\/textarea><\/label><input type=\"hidden\" id=\"ak_js_1\" name=\"_wpcf7_ak_js\" value=\"11\"\/><script>document.getElementById( \"ak_js_1\" ).setAttribute( \"value\", ( new Date() ).getTime() );<\/script><\/p><div class=\"wpcf7-response-output\" aria-hidden=\"true\"><\/div>\n<input type=\"hidden\" name=\"trp-form-language\" value=\"en\"\/><\/form>\n<\/div>\n<\/div><\/div><\/div><\/div><div class=\"vc_row-full-width vc_clearfix\"><\/div><!-- Row Backgrounds --><div class=\"upb_bg_img\" data-ultimate-bg=\"url(https:\/\/ceim.cl\/wp-content\/uploads\/2024\/08\/unete-a-Ceim2.png)\" data-image-id=\"id^34208|url^https:\/\/ceim.cl\/wp-content\/uploads\/2024\/08\/unete-a-Ceim2.png|caption^null|alt^null|title^unete a Ceim(2)|description^null\" data-ultimate-bg-style=\"vcpb-default\" data-bg-img-repeat=\"repeat\" data-bg-img-size=\"cover\" data-bg-img-position=\"\" data-parallx_sense=\"30\" data-bg-override=\"0\" data-bg_img_attach=\"scroll\" data-upb-overlay-color=\"\" data-upb-bg-animation=\"\" data-fadeout=\"\" data-bg-animation=\"left-animation\" data-bg-animation-type=\"h\" data-animation-repeat=\"repeat\" data-fadeout-percentage=\"30\" data-parallax-content=\"\" data-parallax-content-sense=\"30\" data-row-effect-mobile-disable=\"true\" data-img-parallax-mobile-disable=\"true\" data-rtl=\"false\"  data-custom-vc-row=\"\"  data-vc=\"8.1\"  data-is_old_vc=\"\"  data-theme-support=\"\"   data-overlay=\"false\" data-overlay-color=\"\" data-overlay-pattern=\"\" data-overlay-pattern-opacity=\"\" data-overlay-pattern-size=\"\"    ><\/div>\n<\/div>","protected":false},"excerpt":{"rendered":"<p>D\u00e9janos tus datos y nos pondremos en contacto. Nombre* Apellidos* Email* Tel\u00e9fono* Regi\u00f3n* &#8212;Selecciona una regi\u00f3n&#8212;-Regi\u00f3n de Arica y ParinacotaRegi\u00f3n de Tarapac\u00e1Regi\u00f3n de AntofagastaRegi\u00f3n de AtacamaRegi\u00f3n de CoquimboRegi\u00f3n de Valpara\u00edsoRegi\u00f3n MetropolitanaRegi\u00f3n de O\u2019HigginsRegi\u00f3n del MauleRegi\u00f3n del \u00d1ubleRegi\u00f3n del Biob\u00edoRegi\u00f3n de La Araucan\u00edaRegi\u00f3n de Los R\u00edosRegi\u00f3n de Los LagosRegi\u00f3n de Ays\u00e9nRegi\u00f3n de Magallanes \u00c1rea a Postular*&hellip;<\/p>","protected":false},"author":1,"featured_media":0,"parent":0,"menu_order":0,"comment_status":"closed","ping_status":"closed","template":"","meta":{"footnotes":""},"class_list":["post-34000","page","type-page","status-publish","hentry","description-off"],"_links":{"self":[{"href":"https:\/\/ceim.cl\/en\/wp-json\/wp\/v2\/pages\/34000","targetHints":{"allow":["GET"]}}],"collection":[{"href":"https:\/\/ceim.cl\/en\/wp-json\/wp\/v2\/pages"}],"about":[{"href":"https:\/\/ceim.cl\/en\/wp-json\/wp\/v2\/types\/page"}],"author":[{"embeddable":true,"href":"https:\/\/ceim.cl\/en\/wp-json\/wp\/v2\/users\/1"}],"replies":[{"embeddable":true,"href":"https:\/\/ceim.cl\/en\/wp-json\/wp\/v2\/comments?post=34000"}],"version-history":[{"count":39,"href":"https:\/\/ceim.cl\/en\/wp-json\/wp\/v2\/pages\/34000\/revisions"}],"predecessor-version":[{"id":34225,"href":"https:\/\/ceim.cl\/en\/wp-json\/wp\/v2\/pages\/34000\/revisions\/34225"}],"wp:attachment":[{"href":"https:\/\/ceim.cl\/en\/wp-json\/wp\/v2\/media?parent=34000"}],"curies":[{"name":"wp","href":"https:\/\/api.w.org\/{rel}","templated":true}]}}