{"id":33689,"date":"2024-05-08T10:19:33","date_gmt":"2024-05-08T14:19:33","guid":{"rendered":"https:\/\/ceim.cl\/?page_id=33689"},"modified":"2024-05-08T10:20:00","modified_gmt":"2024-05-08T14:20:00","slug":"test-banner","status":"publish","type":"page","link":"https:\/\/ceim.cl\/en\/test-banner\/","title":{"rendered":"test-banner"},"content":{"rendered":"<div class=\"wpb-content-wrapper\"><div data-vc-full-width=\"true\" data-vc-full-width-init=\"false\" data-vc-stretch-content=\"true\" class=\"vc_row wpb_row vc_row-fluid vc_custom_1709736166374 vc_row-no-padding\"><div class=\"wpb_column vc_column_container vc_col-sm-9\"><div class=\"vc_column-inner\"><div class=\"wpb_wrapper\"><div id=\"ultimate-heading-477969e17e7a4fb7e\" class=\"uvc-heading ult-adjust-bottom-margin ultimate-heading-477969e17e7a4fb7e uvc-4929\" data-hspacer=\"no_spacer\"  data-halign=\"left\" style=\"text-align:left\"><div class=\"uvc-heading-spacer no_spacer\" style=\"top\"><\/div><div class=\"uvc-main-heading ult-responsive\"  data-ultimate-target='.uvc-heading.ultimate-heading-477969e17e7a4fb7e h2'  data-responsive-json-new='{\"font-size\":\"desktop:36px;\",\"line-height\":\"desktop:36px;\"}' ><h2 style=\"font-weight:bold;color:#ffffff;margin-top:30px;margin-bottom:25px;\">Test Banner<\/h2><\/div><\/div><\/div><\/div><\/div><div class=\"wpb_column vc_column_container vc_col-sm-3\" id=\"ruta-navegacion\"><div class=\"vc_column-inner\"><div class=\"wpb_wrapper\"><style type=\"text\/css\" data-type=\"the7_shortcodes-inline-css\">.dt-breadcrumbs-id-bccca4ed580d23acaaa643ab8c192d27 .breadcrumbs {\n  display: inline-block;\n  margin: 0;\n  padding: 2px 10px 2px 10px;\n  border: 0px solid ;\n  border-radius: 0px;\n}\n.dt-breadcrumbs-id-bccca4ed580d23acaaa643ab8c192d27 .breadcrumbs * {\n  color: #ffffff;\n}\n<\/style><div class=\"dt-breadcrumbs-shortcode dt-breadcrumbs-id-bccca4ed580d23acaaa643ab8c192d27 align-centre\"><div class=\"assistive-text\">You are here:<\/div><ol class=\"breadcrumbs text-small\" itemscope itemtype=\"https:\/\/schema.org\/BreadcrumbList\"><li itemprop=\"itemListElement\" itemscope itemtype=\"https:\/\/schema.org\/ListItem\"><a itemprop=\"item\" href=\"https:\/\/ceim.cl\/en\/\" title=\"Home\"><span itemprop=\"name\">Home<\/span><\/a><meta itemprop=\"position\" content=\"1\" \/><\/li><li class=\"current\" itemprop=\"itemListElement\" itemscope itemtype=\"https:\/\/schema.org\/ListItem\"><span itemprop=\"name\">Page<\/span><meta itemprop=\"position\" content=\"2\" \/><\/li><\/ol><\/div><\/div><\/div><\/div><\/div><div class=\"vc_row-full-width vc_clearfix\"><\/div><!-- Row Backgrounds --><div class=\"upb_color\" data-bg-override=\"0\" data-bg-color=\"#212c56\" data-fadeout=\"\" data-fadeout-percentage=\"30\" data-parallax-content=\"\" data-parallax-content-sense=\"30\" data-row-effect-mobile-disable=\"true\" data-img-parallax-mobile-disable=\"true\" data-rtl=\"false\"  data-custom-vc-row=\"\"  data-vc=\"8.1\"  data-is_old_vc=\"\"  data-theme-support=\"\"   data-overlay=\"false\" data-overlay-color=\"\" data-overlay-pattern=\"\" data-overlay-pattern-opacity=\"\" data-overlay-pattern-size=\"\"    ><\/div><div data-vc-full-width=\"true\" data-vc-full-width-init=\"false\" class=\"vc_row wpb_row vc_row-fluid vc_custom_1713191413505\"><div class=\"wpb_column vc_column_container vc_col-sm-12\"><div class=\"vc_column-inner\"><div class=\"wpb_wrapper\">\n\t<div class=\"wpb_text_column wpb_content_element  vc_custom_1688574190799\" >\n\t\t<div class=\"wpb_wrapper\">\n\t\t\t<h2><strong>Entregamos soluciones para la industria nacional <\/strong><\/h2>\n<p>CEIM Asesor\u00edas y Servicios Ltda., nace en el a\u00f1o 2006 y tiene por objetivo brindar al sector minero, soluciones en materia de asesor\u00edas, certificaci\u00f3n de competencias laborales, certificaci\u00f3n de operadores y operadoras, certificaciones de equipos y servicios de mantenimiento en general.<\/p>\n\n\t\t<\/div>\n\t<\/div>\n<div id=\"ceimas\" class=\"vc_row wpb_row vc_inner vc_row-fluid\"><div class=\"wpb_column vc_column_container vc_col-sm-4 vc_col-has-fill\"><div class=\"vc_column-inner vc_custom_1675112616018\"><div class=\"wpb_wrapper\"><div id=\"ultimate-heading-929669e17e7a501f8\" class=\"uvc-heading ult-adjust-bottom-margin ultimate-heading-929669e17e7a501f8 uvc-6725  uvc-heading-default-font-sizes\" data-hspacer=\"no_spacer\"  data-halign=\"left\" style=\"text-align:left\"><div class=\"uvc-heading-spacer no_spacer\" style=\"top\"><\/div><div class=\"uvc-main-heading ult-responsive\"  data-ultimate-target='.uvc-heading.ultimate-heading-929669e17e7a501f8 h4'  data-responsive-json-new='{\"font-size\":\"\",\"line-height\":\"\"}' ><h4 style=\"--font-weight:theme;margin-bottom:20px;\">Contamos con estas certificaciones<\/h4><\/div><\/div><div class=\"standard-arrow list-divider bullet-top\"><ul>\n<li>Calidad ISO 9001-2015<\/li>\n<li>Sicep Categor\u00eda A<\/li>\n<li>Evaluadores Habilitados por Chile Valora<\/li>\n<li>Inspectores ASME B.30 \/ ANSI.<\/li>\n<\/ul>\n<\/div><\/div><\/div><\/div><div class=\"wpb_column vc_column_container vc_col-sm-4 vc_col-has-fill\"><div class=\"vc_column-inner vc_custom_1675112626937\"><div class=\"wpb_wrapper\"><div id=\"ultimate-heading-235169e17e7a502ac\" class=\"uvc-heading ult-adjust-bottom-margin ultimate-heading-235169e17e7a502ac uvc-2659  uvc-heading-default-font-sizes\" data-hspacer=\"no_spacer\"  data-halign=\"left\" style=\"text-align:left\"><div class=\"uvc-heading-spacer no_spacer\" style=\"top\"><\/div><div class=\"uvc-main-heading ult-responsive\"  data-ultimate-target='.uvc-heading.ultimate-heading-235169e17e7a502ac h4'  data-responsive-json-new='{\"font-size\":\"\",\"line-height\":\"\"}' ><h4 style=\"--font-weight:theme;margin-bottom:20px;\">Convenios<\/h4><\/div><\/div><div class=\"standard-arrow list-divider bullet-top\"><ul>\n<li>Centro Evaluador de Competencias Laborales de Chile Valora<\/li>\n<li>Universidad de Concepci\u00f3n-Ceim.<\/li>\n<\/ul>\n<\/div><\/div><\/div><\/div><div class=\"wpb_column vc_column_container vc_col-sm-4 vc_col-has-fill\"><div class=\"vc_column-inner vc_custom_1675112644468\"><div class=\"wpb_wrapper\"><div id=\"ultimate-heading-796669e17e7a50338\" class=\"uvc-heading ult-adjust-bottom-margin ultimate-heading-796669e17e7a50338 uvc-7234  uvc-heading-default-font-sizes\" data-hspacer=\"no_spacer\"  data-halign=\"left\" style=\"text-align:left\"><div class=\"uvc-heading-spacer no_spacer\" style=\"top\"><\/div><div class=\"uvc-main-heading ult-responsive\"  data-ultimate-target='.uvc-heading.ultimate-heading-796669e17e7a50338 h4'  data-responsive-json-new='{\"font-size\":\"\",\"line-height\":\"\"}' ><h4 style=\"--font-weight:theme;margin-bottom:20px;\">Calificaciones del personal<\/h4><\/div><\/div><div class=\"standard-arrow list-divider bullet-top\"><ul>\n<li>Asme B30.5,B30.9,B30.10,B30.22 Y B30.26.<\/li>\n<li>ASTM<\/li>\n<li>NST<\/li>\n<\/ul>\n<\/div><\/div><\/div><\/div><\/div><\/div><\/div><\/div><\/div><div class=\"vc_row-full-width vc_clearfix\"><\/div><!-- Row Backgrounds --><div class=\"upb_color\" data-bg-override=\"0\" data-bg-color=\"#ffffff\" data-fadeout=\"\" data-fadeout-percentage=\"30\" data-parallax-content=\"\" data-parallax-content-sense=\"30\" data-row-effect-mobile-disable=\"true\" data-img-parallax-mobile-disable=\"true\" data-rtl=\"false\"  data-custom-vc-row=\"\"  data-vc=\"8.1\"  data-is_old_vc=\"\"  data-theme-support=\"\"   data-overlay=\"false\" data-overlay-color=\"\" data-overlay-pattern=\"\" data-overlay-pattern-opacity=\"\" data-overlay-pattern-size=\"\"    ><\/div>\n<\/div>","protected":false},"excerpt":{"rendered":"<p>Test Banner Entregamos soluciones para la industria nacional CEIM Asesor\u00edas y Servicios Ltda., nace en el a\u00f1o 2006 y tiene por objetivo brindar al sector minero, soluciones en materia de asesor\u00edas, certificaci\u00f3n de competencias laborales, certificaci\u00f3n de operadores y operadoras, certificaciones de equipos y servicios de mantenimiento en general. Contamos con estas certificaciones Calidad ISO&hellip;<\/p>","protected":false},"author":1,"featured_media":0,"parent":0,"menu_order":0,"comment_status":"closed","ping_status":"closed","template":"","meta":{"footnotes":""},"class_list":["post-33689","page","type-page","status-publish","hentry","description-off"],"_links":{"self":[{"href":"https:\/\/ceim.cl\/en\/wp-json\/wp\/v2\/pages\/33689","targetHints":{"allow":["GET"]}}],"collection":[{"href":"https:\/\/ceim.cl\/en\/wp-json\/wp\/v2\/pages"}],"about":[{"href":"https:\/\/ceim.cl\/en\/wp-json\/wp\/v2\/types\/page"}],"author":[{"embeddable":true,"href":"https:\/\/ceim.cl\/en\/wp-json\/wp\/v2\/users\/1"}],"replies":[{"embeddable":true,"href":"https:\/\/ceim.cl\/en\/wp-json\/wp\/v2\/comments?post=33689"}],"version-history":[{"count":2,"href":"https:\/\/ceim.cl\/en\/wp-json\/wp\/v2\/pages\/33689\/revisions"}],"predecessor-version":[{"id":33691,"href":"https:\/\/ceim.cl\/en\/wp-json\/wp\/v2\/pages\/33689\/revisions\/33691"}],"wp:attachment":[{"href":"https:\/\/ceim.cl\/en\/wp-json\/wp\/v2\/media?parent=33689"}],"curies":[{"name":"wp","href":"https:\/\/api.w.org\/{rel}","templated":true}]}}