{"id":32743,"date":"2023-08-23T15:49:58","date_gmt":"2023-08-23T19:49:58","guid":{"rendered":"https:\/\/ceim.cl\/?page_id=32743"},"modified":"2025-06-04T17:22:27","modified_gmt":"2025-06-04T21:22:27","slug":"politica-de-calidad","status":"publish","type":"page","link":"https:\/\/ceim.cl\/en\/politica-de-calidad\/","title":{"rendered":"Pol\u00edtica de Calidad"},"content":{"rendered":"<div class=\"wpb-content-wrapper\"><div data-vc-full-width=\"true\" data-vc-full-width-init=\"false\" class=\"vc_row wpb_row vc_row-fluid vc_custom_1692820721537 vc_row-has-fill\"><div class=\"wpb_column vc_column_container vc_col-sm-3\"><div class=\"vc_column-inner vc_custom_1719438773199\"><div class=\"wpb_wrapper\"><style type=\"text\/css\" data-type=\"the7_shortcodes-inline-css\">.gallery-shortcode.gallery-photos-masonry-shortcode-id-0757aff74bc06cc58f292c2951639ade figure,\n.gallery-shortcode.gallery-photos-masonry-shortcode-id-0757aff74bc06cc58f292c2951639ade .rollover,\n.gallery-shortcode.gallery-photos-masonry-shortcode-id-0757aff74bc06cc58f292c2951639ade img,\n.gallery-shortcode.gallery-photos-masonry-shortcode-id-0757aff74bc06cc58f292c2951639ade .gallery-rollover {\n  border-radius: 0px;\n}\n.gallery-shortcode.gallery-photos-masonry-shortcode-id-0757aff74bc06cc58f292c2951639ade.enable-bg-rollover .gallery-rollover {\n  background: -webkit-linear-gradient();\n  background: linear-gradient();\n}\n.gallery-shortcode.gallery-photos-masonry-shortcode-id-0757aff74bc06cc58f292c2951639ade.enable-bg-rollover.hover-scale .rollover:after {\n  background: -webkit-linear-gradient();\n  background: linear-gradient();\n}\n.gallery-shortcode.gallery-photos-masonry-shortcode-id-0757aff74bc06cc58f292c2951639ade .gallery-zoom-ico {\n  width: 44px;\n  height: 44px;\n  line-height: 44px;\n  border-radius: 100px;\n  margin: -22px 0 0 -22px;\n  border-width: 0px;\n}\n.dt-icon-bg-on.gallery-shortcode.gallery-photos-masonry-shortcode-id-0757aff74bc06cc58f292c2951639ade .gallery-zoom-ico {\n  background: rgba(255,255,255,0.3);\n  -webkit-box-shadow: none;\n  box-shadow: none;\n}\n.gallery-shortcode.gallery-photos-masonry-shortcode-id-0757aff74bc06cc58f292c2951639ade .gallery-zoom-ico:before,\n.gallery-shortcode.gallery-photos-masonry-shortcode-id-0757aff74bc06cc58f292c2951639ade .gallery-zoom-ico span {\n  font-size: 32px;\n  line-height: 44px;\n  color: #ffffff;\n}\n.gallery-shortcode.gallery-photos-masonry-shortcode-id-0757aff74bc06cc58f292c2951639ade:not(.resize-by-browser-width) .dt-css-grid {\n  grid-row-gap: 10px;\n  grid-column-gap: 10px;\n  grid-template-columns: repeat(auto-fill,minmax(,1fr));\n}\n.gallery-shortcode.gallery-photos-masonry-shortcode-id-0757aff74bc06cc58f292c2951639ade:not(.resize-by-browser-width) .dt-css-grid .double-width {\n  grid-column: span 2;\n}\n.cssgridlegacy.no-cssgrid .gallery-shortcode.gallery-photos-masonry-shortcode-id-0757aff74bc06cc58f292c2951639ade:not(.resize-by-browser-width) .dt-css-grid,\n.no-cssgridlegacy.no-cssgrid .gallery-shortcode.gallery-photos-masonry-shortcode-id-0757aff74bc06cc58f292c2951639ade:not(.resize-by-browser-width) .dt-css-grid {\n  display: flex;\n  flex-flow: row wrap;\n  margin: -5px;\n}\n.cssgridlegacy.no-cssgrid .gallery-shortcode.gallery-photos-masonry-shortcode-id-0757aff74bc06cc58f292c2951639ade:not(.resize-by-browser-width) .dt-css-grid .wf-cell,\n.no-cssgridlegacy.no-cssgrid .gallery-shortcode.gallery-photos-masonry-shortcode-id-0757aff74bc06cc58f292c2951639ade:not(.resize-by-browser-width) .dt-css-grid .wf-cell {\n  flex: 1 0 ;\n  max-width: 100%;\n  padding: 5px;\n  box-sizing: border-box;\n}\n.gallery-shortcode.gallery-photos-masonry-shortcode-id-0757aff74bc06cc58f292c2951639ade.resize-by-browser-width .dt-css-grid {\n  grid-template-columns: repeat(1,1fr);\n  grid-template-rows: auto;\n  grid-column-gap: 10px;\n  grid-row-gap: 10px;\n}\n.gallery-shortcode.gallery-photos-masonry-shortcode-id-0757aff74bc06cc58f292c2951639ade.resize-by-browser-width .dt-css-grid .double-width {\n  grid-column: span 2;\n}\n.cssgridlegacy.no-cssgrid .gallery-shortcode.gallery-photos-masonry-shortcode-id-0757aff74bc06cc58f292c2951639ade.resize-by-browser-width .dt-css-grid {\n  margin: -5px;\n}\n.cssgridlegacy.no-cssgrid .gallery-shortcode.gallery-photos-masonry-shortcode-id-0757aff74bc06cc58f292c2951639ade.resize-by-browser-width .dt-css-grid .wf-cell {\n  width: 100%;\n  padding: 5px;\n}\n.cssgridlegacy.no-cssgrid .gallery-shortcode.gallery-photos-masonry-shortcode-id-0757aff74bc06cc58f292c2951639ade.resize-by-browser-width .dt-css-grid .wf-cell.double-width {\n  width: calc(100%) * 2;\n}\n.gallery-shortcode.gallery-photos-masonry-shortcode-id-0757aff74bc06cc58f292c2951639ade.resize-by-browser-width:not(.centered-layout-list):not(.content-bg-on) .dt-css-grid {\n  grid-row-gap: 10px - ;\n}\n@media screen and (max-width: 1199px) {\n  .gallery-shortcode.gallery-photos-masonry-shortcode-id-0757aff74bc06cc58f292c2951639ade.resize-by-browser-width .dt-css-grid {\n    grid-template-columns: repeat(1,1fr);\n  }\n  .cssgridlegacy.no-cssgrid .gallery-shortcode.gallery-photos-masonry-shortcode-id-0757aff74bc06cc58f292c2951639ade.resize-by-browser-width .dt-css-grid .wf-cell,\n  .no-cssgridlegacy.no-cssgrid .gallery-shortcode.gallery-photos-masonry-shortcode-id-0757aff74bc06cc58f292c2951639ade.resize-by-browser-width .dt-css-grid .wf-cell {\n    width: 100%;\n  }\n  .cssgridlegacy.no-cssgrid .gallery-shortcode.gallery-photos-masonry-shortcode-id-0757aff74bc06cc58f292c2951639ade.resize-by-browser-width .dt-css-grid .wf-cell.double-width,\n  .no-cssgridlegacy.no-cssgrid .gallery-shortcode.gallery-photos-masonry-shortcode-id-0757aff74bc06cc58f292c2951639ade.resize-by-browser-width .dt-css-grid .wf-cell.double-width {\n    width: calc(100%)*2;\n  }\n}\n@media screen and (max-width: 991px) {\n  .gallery-shortcode.gallery-photos-masonry-shortcode-id-0757aff74bc06cc58f292c2951639ade.resize-by-browser-width .dt-css-grid {\n    grid-template-columns: repeat(1,1fr);\n  }\n  .cssgridlegacy.no-cssgrid .gallery-shortcode.gallery-photos-masonry-shortcode-id-0757aff74bc06cc58f292c2951639ade.resize-by-browser-width .dt-css-grid .wf-cell,\n  .no-cssgridlegacy.no-cssgrid .gallery-shortcode.gallery-photos-masonry-shortcode-id-0757aff74bc06cc58f292c2951639ade.resize-by-browser-width .dt-css-grid .wf-cell {\n    width: 100%;\n  }\n  .cssgridlegacy.no-cssgrid .gallery-shortcode.gallery-photos-masonry-shortcode-id-0757aff74bc06cc58f292c2951639ade.resize-by-browser-width .dt-css-grid .wf-cell.double-width,\n  .no-cssgridlegacy.no-cssgrid .gallery-shortcode.gallery-photos-masonry-shortcode-id-0757aff74bc06cc58f292c2951639ade.resize-by-browser-width .dt-css-grid .wf-cell.double-width {\n    width: calc(100%)*2;\n  }\n}\n@media screen and (max-width: 767px) {\n  .gallery-shortcode.gallery-photos-masonry-shortcode-id-0757aff74bc06cc58f292c2951639ade.resize-by-browser-width .dt-css-grid {\n    grid-template-columns: repeat(2,1fr);\n  }\n  .cssgridlegacy.no-cssgrid .gallery-shortcode.gallery-photos-masonry-shortcode-id-0757aff74bc06cc58f292c2951639ade.resize-by-browser-width .dt-css-grid .wf-cell,\n  .no-cssgridlegacy.no-cssgrid .gallery-shortcode.gallery-photos-masonry-shortcode-id-0757aff74bc06cc58f292c2951639ade.resize-by-browser-width .dt-css-grid .wf-cell {\n    width: 50%;\n  }\n  .cssgridlegacy.no-cssgrid .gallery-shortcode.gallery-photos-masonry-shortcode-id-0757aff74bc06cc58f292c2951639ade.resize-by-browser-width .dt-css-grid .wf-cell.double-width,\n  .no-cssgridlegacy.no-cssgrid .gallery-shortcode.gallery-photos-masonry-shortcode-id-0757aff74bc06cc58f292c2951639ade.resize-by-browser-width .dt-css-grid .wf-cell.double-width {\n    width: calc(50%)*2;\n  }\n}\n<\/style><div class=\"gallery-shortcode album-gallery-shortcode dt-gallery-container gallery-photos-masonry-shortcode-id-0757aff74bc06cc58f292c2951639ade mode-grid jquery-filter dt-icon-bg-off quick-scale-img dt-css-grid-wrap enable-bg-rollover resize-by-browser-width  hover-fade loading-effect-none description-on-hover\" data-padding=\"5px\" data-cur-page=\"1\" data-post-limit=\"-1\" data-pagination-mode=\"none\" data-desktop-columns-num=\"1\" data-v-tablet-columns-num=\"1\" data-h-tablet-columns-num=\"1\" data-phone-columns-num=\"2\" data-width=\"0px\" data-columns=\"0\"><div class=\"dt-css-grid\" ><div class=\"visible wf-cell\" data-post-id=\"30708\" data-date=\"2022-09-22T19:50:05-03:00\" data-name=\"MAR02181\"><article class=\"post visible post-30708 attachment type-attachment status-inherit hentry no-img\"><a href=\"https:\/\/ceim.cl\/wp-content\/uploads\/2016\/01\/MAR02181.jpg\" class=\"rollover-click-target rollover dt-pswp-item layzr-bg\" title=\"MAR02181\" data-dt-img-description=\"\"  data-large_image_width=\"1362\" data-large_image_height = \"1362\" ><img fetchpriority=\"high\" decoding=\"async\" class=\"preload-me iso-lazy-load aspect\" src=\"data:image\/svg+xml,%3Csvg%20xmlns%3D&#39;http%3A%2F%2Fwww.w3.org%2F2000%2Fsvg&#39;%20viewBox%3D&#39;0%200%20990%20990&#39;%2F%3E\" data-src=\"https:\/\/ceim.cl\/wp-content\/uploads\/2016\/01\/MAR02181-990x990.jpg\" data-srcset=\"https:\/\/ceim.cl\/wp-content\/uploads\/2016\/01\/MAR02181-990x990.jpg 990w, https:\/\/ceim.cl\/wp-content\/uploads\/2016\/01\/MAR02181.jpg 1362w\" loading=\"eager\" style=\"--ratio: 990 \/ 990\" sizes=\"(max-width: 990px) 100vw, 990px\" alt=\"\" width=\"990\" height=\"990\"  \/><span class=\"gallery-rollover\"><span class=\"gallery-zoom-ico icomoon-the7-font-the7-zoom-06\"><span><\/span><\/span><\/span><\/a><\/article><\/div><div class=\"visible wf-cell\" data-post-id=\"30709\" data-date=\"2022-09-22T19:50:14-03:00\" data-name=\"MAR01636\"><article class=\"post visible post-30709 attachment type-attachment status-inherit hentry no-img\"><a href=\"https:\/\/ceim.cl\/wp-content\/uploads\/2016\/01\/MAR01636.jpg\" class=\"rollover-click-target rollover dt-pswp-item layzr-bg\" title=\"MAR01636\" data-dt-img-description=\"\"  data-large_image_width=\"2048\" data-large_image_height = \"1365\" ><img decoding=\"async\" class=\"preload-me iso-lazy-load aspect\" src=\"data:image\/svg+xml,%3Csvg%20xmlns%3D&#39;http%3A%2F%2Fwww.w3.org%2F2000%2Fsvg&#39;%20viewBox%3D&#39;0%200%20990%20990&#39;%2F%3E\" data-src=\"https:\/\/ceim.cl\/wp-content\/uploads\/2016\/01\/MAR01636-990x990.jpg\" data-srcset=\"https:\/\/ceim.cl\/wp-content\/uploads\/2016\/01\/MAR01636-990x990.jpg 990w, https:\/\/ceim.cl\/wp-content\/uploads\/2016\/01\/MAR01636-1365x1365.jpg 1365w\" loading=\"eager\" style=\"--ratio: 990 \/ 990\" sizes=\"(max-width: 990px) 100vw, 990px\" alt=\"\" width=\"990\" height=\"990\"  \/><span class=\"gallery-rollover\"><span class=\"gallery-zoom-ico icomoon-the7-font-the7-zoom-06\"><span><\/span><\/span><\/span><\/a><\/article><\/div><div class=\"visible wf-cell\" data-post-id=\"30710\" data-date=\"2022-09-22T19:50:49-03:00\" data-name=\"MAR02138\"><article class=\"post visible post-30710 attachment type-attachment status-inherit hentry no-img\"><a href=\"https:\/\/ceim.cl\/wp-content\/uploads\/2016\/01\/MAR02138.jpg\" class=\"rollover-click-target rollover dt-pswp-item layzr-bg\" title=\"MAR02138\" data-dt-img-description=\"\"  data-large_image_width=\"2048\" data-large_image_height = \"1365\" ><img decoding=\"async\" class=\"preload-me iso-lazy-load aspect\" src=\"data:image\/svg+xml,%3Csvg%20xmlns%3D&#39;http%3A%2F%2Fwww.w3.org%2F2000%2Fsvg&#39;%20viewBox%3D&#39;0%200%20990%20990&#39;%2F%3E\" data-src=\"https:\/\/ceim.cl\/wp-content\/uploads\/2016\/01\/MAR02138-990x990.jpg\" data-srcset=\"https:\/\/ceim.cl\/wp-content\/uploads\/2016\/01\/MAR02138-990x990.jpg 990w, https:\/\/ceim.cl\/wp-content\/uploads\/2016\/01\/MAR02138-1365x1365.jpg 1365w\" loading=\"eager\" style=\"--ratio: 990 \/ 990\" sizes=\"(max-width: 990px) 100vw, 990px\" alt=\"\" width=\"990\" height=\"990\"  \/><span class=\"gallery-rollover\"><span class=\"gallery-zoom-ico icomoon-the7-font-the7-zoom-06\"><span><\/span><\/span><\/span><\/a><\/article><\/div><\/div><!-- iso-container|iso-grid --><\/div><\/div><\/div><\/div><div class=\"wpb_column vc_column_container vc_col-sm-9\"><div class=\"vc_column-inner\"><div class=\"wpb_wrapper\">\n\t<div class=\"wpb_text_column wpb_content_element  vc_custom_1749072118392\" >\n\t\t<div class=\"wpb_wrapper\">\n\t\t\t<p>Somos el Centro de Entrenamiento Industrial y Minero, Instituci\u00f3n perteneciente a la Fundaci\u00f3n Educacional Escondida.<\/p>\n<p><strong>Nuestra Visi\u00f3n<\/strong> \u201cSomos un referente mundial en capacitaci\u00f3n y entrenamiento de personas para la industria minera. A trav\u00e9s de nuestro trabajo, buscamos potenciar un futuro en el cual las compa\u00f1\u00edas de la industria minera, los (as) trabajadores (as) de la miner\u00eda y los (as) estudiantes que buscan incorporarse a ella, obtengan servicios de formaci\u00f3n y entrenamiento de competencias laborales que permitan aumentar la productividad, la empleabilidad y la seguridad de las personas\u201d.<\/p>\n<p><strong>Nuestra Misi\u00f3n<\/strong> \u201cTrabajando integradamente con nuestros clientes y teniendo como foco de nuestra gesti\u00f3n la calidad de nivel mundial, formamos en las personas las competencias laborales que requiere la industria minera para su progreso y sustentabilidad en el tiempo\u201d<\/p>\n<p>Para cumplir con nuestro prop\u00f3sito debemos:<\/p>\n<ol>\n<li>Actuar integradamente con nuestros actuales y potenciales clientes, con el prop\u00f3sito de captar sus reales necesidades de entrenamiento.<\/li>\n<li>Mantener un equipo de profesionales de excelencia, permanente actualizado en desarrollo de competencias.<\/li>\n<li>Participar en programas de becas sociales orientados a desarrollar competencias, para aumentar la empleabilidad de sus beneficiarios.<\/li>\n<li>Ser rigorosos en nuestros comportamientos alineados con la seguridad, cuidado del medio ambiente y nuestros valores organizacionales.<\/li>\n<li>Fortalecer el sistema de gesti\u00f3n de calidad que permita acciones de mejora continua en nuestra actividad diaria.<\/li>\n<li>Reforzar los v\u00ednculos empresariales asociados a la empleabilidad de nuestros egresados de programas de oficios.<\/li>\n<li>Formalizar acuerdos de largo plazo con empresas y organizaciones relevantes, tanto en la Segunda Regi\u00f3n como en aquellas donde repliquemos el modelo de negocio.<\/li>\n<li>Participar activamente en el debate y actividades relacionadas al Desarrollo de Competencias en el pa\u00eds.<\/li>\n<li>Contar con un riguroso sistema de evaluaci\u00f3n y certificaci\u00f3n de la calidad de nuestro \u201cCiclo de Desarrollo de Competencias\u201d<\/li>\n<\/ol>\n<p>A trav\u00e9s de nuestros valores pretendemos cumplir la legislaci\u00f3n vigente, las normativas y lo que prometemos, buscando oportunidades que agreguen valor al negocio de nuestro cliente, haci\u00e9ndonos part\u00edcipes de los desaf\u00edos y oportunidades de la instituci\u00f3n y estableciendo un continuo mejoramiento de nuestro servicio que nos permita lograr una mayor \u201cEficacia de nuestro Sistema de Gesti\u00f3n de Calidad\u201d<\/p>\n<p>Nuestra Pol\u00edtica de la Calidad es difundida a trav\u00e9s de nuestra organizaci\u00f3n y mantenida al d\u00eda. El personal de la instituci\u00f3n comprende la trascendencia de este documento y lo integra a su estilo de trabajo.<\/p>\n<p>La Pol\u00edtica es revisada en cuanto a su adecuaci\u00f3n con la periodicidad m\u00ednima anual por parte de la Gerencia General de CEIM.<\/p>\n<p><a href=\"https:\/\/ceim.cl\/wp-content\/uploads\/2025\/06\/DC-SGC-02-Politica-de-Calidadok.pdf\" target=\"_blank\" rel=\"noopener\">Descargar documento completo aqu\u00ed<\/a><br \/>\nNota importante: El presente documento es de exclusiva propiedad de FEE. El contenido total o parcial no puede ser reproducido, impreso ni facilitado a terceras personas sin la expresa autorizaci\u00f3n de la Gerencia General.<\/p>\n\n\t\t<\/div>\n\t<\/div>\n<\/div><\/div><\/div><\/div><div class=\"vc_row-full-width vc_clearfix\"><\/div><!-- Row Backgrounds --><div class=\"upb_color\" data-bg-override=\"0\" data-bg-color=\"#ffffff\" data-fadeout=\"\" data-fadeout-percentage=\"30\" data-parallax-content=\"\" data-parallax-content-sense=\"30\" data-row-effect-mobile-disable=\"true\" data-img-parallax-mobile-disable=\"true\" data-rtl=\"false\"  data-custom-vc-row=\"\"  data-vc=\"8.1\"  data-is_old_vc=\"\"  data-theme-support=\"\"   data-overlay=\"false\" data-overlay-color=\"\" data-overlay-pattern=\"\" data-overlay-pattern-opacity=\"\" data-overlay-pattern-size=\"\"    ><\/div><!-- Row Backgrounds --><div class=\"upb_color\" data-bg-override=\"0\" data-bg-color=\"#e8e8e8\" data-fadeout=\"\" data-fadeout-percentage=\"30\" data-parallax-content=\"\" data-parallax-content-sense=\"30\" data-row-effect-mobile-disable=\"true\" data-img-parallax-mobile-disable=\"true\" data-rtl=\"false\"  data-custom-vc-row=\"\"  data-vc=\"8.1\"  data-is_old_vc=\"\"  data-theme-support=\"\"   data-overlay=\"false\" data-overlay-color=\"\" data-overlay-pattern=\"\" data-overlay-pattern-opacity=\"\" data-overlay-pattern-size=\"\"    ><\/div><!-- Row Backgrounds --><div class=\"upb_color\" data-bg-override=\"0\" data-bg-color=\"#f5f5f5\" data-fadeout=\"\" data-fadeout-percentage=\"30\" data-parallax-content=\"\" data-parallax-content-sense=\"30\" data-row-effect-mobile-disable=\"true\" data-img-parallax-mobile-disable=\"true\" data-rtl=\"false\"  data-custom-vc-row=\"\"  data-vc=\"8.1\"  data-is_old_vc=\"\"  data-theme-support=\"\"   data-overlay=\"false\" data-overlay-color=\"\" data-overlay-pattern=\"\" data-overlay-pattern-opacity=\"\" data-overlay-pattern-size=\"\"    ><\/div>\n<\/div>","protected":false},"excerpt":{"rendered":"<p>Somos el Centro de Entrenamiento Industrial y Minero, Instituci\u00f3n perteneciente a la Fundaci\u00f3n Educacional Escondida. Nuestra Visi\u00f3n \u201cSomos un referente mundial en capacitaci\u00f3n y entrenamiento de personas para la industria minera. A trav\u00e9s de nuestro trabajo, buscamos potenciar un futuro en el cual las compa\u00f1\u00edas de la industria minera, los (as) trabajadores (as) de la&hellip;<\/p>","protected":false},"author":13,"featured_media":0,"parent":0,"menu_order":0,"comment_status":"closed","ping_status":"closed","template":"","meta":{"footnotes":""},"class_list":["post-32743","page","type-page","status-publish","hentry","description-off"],"_links":{"self":[{"href":"https:\/\/ceim.cl\/en\/wp-json\/wp\/v2\/pages\/32743","targetHints":{"allow":["GET"]}}],"collection":[{"href":"https:\/\/ceim.cl\/en\/wp-json\/wp\/v2\/pages"}],"about":[{"href":"https:\/\/ceim.cl\/en\/wp-json\/wp\/v2\/types\/page"}],"author":[{"embeddable":true,"href":"https:\/\/ceim.cl\/en\/wp-json\/wp\/v2\/users\/13"}],"replies":[{"embeddable":true,"href":"https:\/\/ceim.cl\/en\/wp-json\/wp\/v2\/comments?post=32743"}],"version-history":[{"count":14,"href":"https:\/\/ceim.cl\/en\/wp-json\/wp\/v2\/pages\/32743\/revisions"}],"predecessor-version":[{"id":39532,"href":"https:\/\/ceim.cl\/en\/wp-json\/wp\/v2\/pages\/32743\/revisions\/39532"}],"wp:attachment":[{"href":"https:\/\/ceim.cl\/en\/wp-json\/wp\/v2\/media?parent=32743"}],"curies":[{"name":"wp","href":"https:\/\/api.w.org\/{rel}","templated":true}]}}