{"id":30179,"date":"2022-01-26T16:05:41","date_gmt":"2022-01-26T19:05:41","guid":{"rendered":"https:\/\/ceim.cl\/?page_id=30179"},"modified":"2022-01-27T17:03:57","modified_gmt":"2022-01-27T20:03:57","slug":"formulario-proveedores","status":"publish","type":"page","link":"https:\/\/ceim.cl\/en\/formulario-proveedores\/","title":{"rendered":"Formulario Proveedores"},"content":{"rendered":"<h3 class=\"wp-block-heading\">Formulario de inscripci\u00f3n plan de formaci\u00f3n de proveedores y emperadores de la Regi\u00f3n de Antofagasta<\/h3>\n\n\n\n<p>En el contexto actual es necesario fomentar la creaci\u00f3n y fortalecimiento empresas y emprendimientos con un gran \u00e9nfasis en las energ\u00edas renovables. Es por esto que se deben generar instancias de formaci\u00f3n, difusi\u00f3n, transferencia de conocimientos a las empresas y emprendedores de la industria energ\u00e9tica que le permitan potenciar y fortalecer sus capacidades, mejorar su conocimiento de nuevas tecnolog\u00edas, de sus procesos productivos, entre otros aspectos.<\/p>\n\n\n\n<p>Por lo anterior, te invitamos a inscribirte llenando el siguiente formulario para ser parte de esta iniciativa si eres proveedor o emprendedor del \u00e1rea energ\u00e9tica.<\/p>\n\n\n\n<p><\/p>\n\n\n\n<iframe loading=\"lazy\" src=\"https:\/\/andresmsc.cl\/corfo\/\" frameborder=\"0\" width=\"100%\" height=\"800px\"><\/iframe>","protected":false},"excerpt":{"rendered":"<p>Formulario de inscripci\u00f3n plan de formaci\u00f3n de proveedores y emperadores de la Regi\u00f3n de Antofagasta En el contexto actual es necesario fomentar la creaci\u00f3n y fortalecimiento empresas y emprendimientos con un gran \u00e9nfasis en las energ\u00edas renovables. Es por esto que se deben generar instancias de formaci\u00f3n, difusi\u00f3n, transferencia de conocimientos a las empresas y&hellip;<\/p>","protected":false},"author":13,"featured_media":0,"parent":0,"menu_order":0,"comment_status":"closed","ping_status":"closed","template":"","meta":{"footnotes":""},"class_list":["post-30179","page","type-page","status-publish","hentry","description-off"],"_links":{"self":[{"href":"https:\/\/ceim.cl\/en\/wp-json\/wp\/v2\/pages\/30179","targetHints":{"allow":["GET"]}}],"collection":[{"href":"https:\/\/ceim.cl\/en\/wp-json\/wp\/v2\/pages"}],"about":[{"href":"https:\/\/ceim.cl\/en\/wp-json\/wp\/v2\/types\/page"}],"author":[{"embeddable":true,"href":"https:\/\/ceim.cl\/en\/wp-json\/wp\/v2\/users\/13"}],"replies":[{"embeddable":true,"href":"https:\/\/ceim.cl\/en\/wp-json\/wp\/v2\/comments?post=30179"}],"version-history":[{"count":0,"href":"https:\/\/ceim.cl\/en\/wp-json\/wp\/v2\/pages\/30179\/revisions"}],"wp:attachment":[{"href":"https:\/\/ceim.cl\/en\/wp-json\/wp\/v2\/media?parent=30179"}],"curies":[{"name":"wp","href":"https:\/\/api.w.org\/{rel}","templated":true}]}}